{"id":1591,"date":"2026-02-06T08:39:47","date_gmt":"2026-02-06T08:39:47","guid":{"rendered":"https:\/\/alecreation.es\/?page_id=1591"},"modified":"2026-02-06T12:26:45","modified_gmt":"2026-02-06T12:26:45","slug":"videos","status":"publish","type":"page","link":"https:\/\/alecreation.es\/index.php\/videos\/","title":{"rendered":"V\u00eddeos"},"content":{"rendered":"\t\t<div data-elementor-type=\"wp-page\" data-elementor-id=\"1591\" class=\"elementor elementor-1591\">\n\t\t\t\t<div class=\"elementor-element elementor-element-29dbcf5 e-flex e-con-boxed wpr-particle-no wpr-jarallax-no wpr-parallax-no wpr-sticky-section-no e-con e-parent\" data-id=\"29dbcf5\" data-element_type=\"container\" data-e-type=\"container\" data-settings=\"{&quot;background_background&quot;:&quot;classic&quot;}\">\n\t\t\t\t\t<div class=\"e-con-inner\">\n\t\t<div class=\"elementor-element elementor-element-f4e077f e-con-full e-flex wpr-particle-no wpr-jarallax-no wpr-parallax-no wpr-sticky-section-no e-con e-child\" data-id=\"f4e077f\" data-element_type=\"container\" data-e-type=\"container\" data-settings=\"{&quot;background_background&quot;:&quot;classic&quot;}\">\n\t\t\t\t<div class=\"elementor-element elementor-element-3253e9c elementor-widget elementor-widget-heading\" data-id=\"3253e9c\" data-element_type=\"widget\" data-e-type=\"widget\" data-widget_type=\"heading.default\">\n\t\t\t\t\t<h2 class=\"elementor-heading-title elementor-size-default\">V\u00eddeos<\/h2>\t\t\t\t<\/div>\n\t\t\t\t<div class=\"elementor-element elementor-element-183c239 elementor-widget elementor-widget-heading\" data-id=\"183c239\" data-element_type=\"widget\" data-e-type=\"widget\" data-widget_type=\"heading.default\">\n\t\t\t\t\t<h2 class=\"elementor-heading-title elementor-size-default\">de la afici\u00f3n a la pr\u00e1ctica real<\/h2>\t\t\t\t<\/div>\n\t\t\t\t<\/div>\n\t\t\t\t\t<\/div>\n\t\t\t\t<\/div>\n\t\t<div class=\"elementor-element elementor-element-50f16fd e-flex e-con-boxed wpr-particle-no wpr-jarallax-no wpr-parallax-no wpr-sticky-section-no e-con e-parent\" data-id=\"50f16fd\" data-element_type=\"container\" data-e-type=\"container\">\n\t\t\t\t\t<div class=\"e-con-inner\">\n\t\t\t\t<div class=\"elementor-element elementor-element-091a112 elementor-widget elementor-widget-text-editor\" data-id=\"091a112\" data-element_type=\"widget\" data-e-type=\"widget\" data-widget_type=\"text-editor.default\">\n\t\t\t\t\t\t\t\t\t<p>Creaci\u00f3n y edici\u00f3n de videos adaptados a diferentes plataformas y campa\u00f1as, abarcando grabaci\u00f3n, edici\u00f3n y animaci\u00f3n.<\/p>\t\t\t\t\t\t\t\t<\/div>\n\t\t\t\t\t<\/div>\n\t\t\t\t<\/div>\n\t\t<div class=\"elementor-element elementor-element-124c376 e-flex e-con-boxed wpr-particle-no wpr-jarallax-no wpr-parallax-no wpr-sticky-section-no e-con e-parent\" data-id=\"124c376\" data-element_type=\"container\" data-e-type=\"container\">\n\t\t\t\t\t<div class=\"e-con-inner\">\n\t\t\t\t<div class=\"elementor-element elementor-element-9265b9a elementor-widget elementor-widget-heading\" data-id=\"9265b9a\" data-element_type=\"widget\" data-e-type=\"widget\" data-widget_type=\"heading.default\">\n\t\t\t\t\t<h2 class=\"elementor-heading-title elementor-size-default\">Videos<\/h2>\t\t\t\t<\/div>\n\t\t\t\t\t<\/div>\n\t\t\t\t<\/div>\n\t\t<div class=\"elementor-element elementor-element-8f8f8eb e-flex e-con-boxed wpr-particle-no wpr-jarallax-no wpr-parallax-no wpr-sticky-section-no e-con e-parent\" data-id=\"8f8f8eb\" data-element_type=\"container\" data-e-type=\"container\">\n\t\t\t\t\t<div class=\"e-con-inner\">\n\t\t<div class=\"elementor-element elementor-element-76d3274 e-con-full e-flex wpr-particle-no wpr-jarallax-no wpr-parallax-no wpr-sticky-section-no e-con e-child\" data-id=\"76d3274\" data-element_type=\"container\" data-e-type=\"container\">\n\t\t\t\t<div class=\"elementor-element elementor-element-a27c57c elementor-widget elementor-widget-video\" data-id=\"a27c57c\" data-element_type=\"widget\" data-e-type=\"widget\" data-settings=\"{&quot;youtube_url&quot;:&quot;https:\\\/\\\/youtu.be\\\/BS85os6L91M&quot;,&quot;loop&quot;:&quot;yes&quot;,&quot;yt_privacy&quot;:&quot;yes&quot;,&quot;video_type&quot;:&quot;youtube&quot;,&quot;controls&quot;:&quot;yes&quot;}\" data-widget_type=\"video.default\">\n\t\t\t\t\t\t\t<div class=\"elementor-wrapper elementor-open-inline\">\n\t\t\t<div class=\"elementor-video\"><\/div>\t\t<\/div>\n\t\t\t\t\t\t<\/div>\n\t\t\t\t<div class=\"elementor-element elementor-element-59f23b7 elementor-widget elementor-widget-heading\" data-id=\"59f23b7\" data-element_type=\"widget\" data-e-type=\"widget\" data-widget_type=\"heading.default\">\n\t\t\t\t\t<h2 class=\"elementor-heading-title elementor-size-default\">YoRoller<\/h2>\t\t\t\t<\/div>\n\t\t\t\t<\/div>\n\t\t<div class=\"elementor-element elementor-element-7a68ccd e-con-full e-flex wpr-particle-no wpr-jarallax-no wpr-parallax-no wpr-sticky-section-no e-con e-child\" data-id=\"7a68ccd\" data-element_type=\"container\" data-e-type=\"container\">\n\t\t\t\t<div class=\"elementor-element elementor-element-95d4919 elementor-widget elementor-widget-video\" data-id=\"95d4919\" data-element_type=\"widget\" data-e-type=\"widget\" data-settings=\"{&quot;youtube_url&quot;:&quot;https:\\\/\\\/youtu.be\\\/XKZxcY72v74&quot;,&quot;loop&quot;:&quot;yes&quot;,&quot;yt_privacy&quot;:&quot;yes&quot;,&quot;video_type&quot;:&quot;youtube&quot;,&quot;controls&quot;:&quot;yes&quot;}\" data-widget_type=\"video.default\">\n\t\t\t\t\t\t\t<div class=\"elementor-wrapper elementor-open-inline\">\n\t\t\t<div class=\"elementor-video\"><\/div>\t\t<\/div>\n\t\t\t\t\t\t<\/div>\n\t\t\t\t<div class=\"elementor-element elementor-element-dd88761 elementor-widget elementor-widget-heading\" data-id=\"dd88761\" data-element_type=\"widget\" data-e-type=\"widget\" data-widget_type=\"heading.default\">\n\t\t\t\t\t<h2 class=\"elementor-heading-title elementor-size-default\">Travel Maletas<\/h2>\t\t\t\t<\/div>\n\t\t\t\t<\/div>\n\t\t<div class=\"elementor-element elementor-element-6fb27fb e-con-full e-flex wpr-particle-no wpr-jarallax-no wpr-parallax-no wpr-sticky-section-no e-con e-child\" data-id=\"6fb27fb\" data-element_type=\"container\" data-e-type=\"container\">\n\t\t\t\t<div class=\"elementor-element elementor-element-59eee8b elementor-widget elementor-widget-video\" data-id=\"59eee8b\" data-element_type=\"widget\" data-e-type=\"widget\" data-settings=\"{&quot;youtube_url&quot;:&quot;https:\\\/\\\/youtu.be\\\/8Qu93LtCsTI&quot;,&quot;loop&quot;:&quot;yes&quot;,&quot;yt_privacy&quot;:&quot;yes&quot;,&quot;video_type&quot;:&quot;youtube&quot;,&quot;controls&quot;:&quot;yes&quot;}\" data-widget_type=\"video.default\">\n\t\t\t\t\t\t\t<div class=\"elementor-wrapper elementor-open-inline\">\n\t\t\t<div class=\"elementor-video\"><\/div>\t\t<\/div>\n\t\t\t\t\t\t<\/div>\n\t\t\t\t<div class=\"elementor-element elementor-element-1baaa72 elementor-widget elementor-widget-heading\" data-id=\"1baaa72\" data-element_type=\"widget\" data-e-type=\"widget\" data-widget_type=\"heading.default\">\n\t\t\t\t\t<h2 class=\"elementor-heading-title elementor-size-default\">Estaci\u00f3n Racing<\/h2>\t\t\t\t<\/div>\n\t\t\t\t<\/div>\n\t\t\t\t\t<\/div>\n\t\t\t\t<\/div>\n\t\t<div class=\"elementor-element elementor-element-4e9b98d e-flex e-con-boxed wpr-particle-no wpr-jarallax-no wpr-parallax-no wpr-sticky-section-no e-con e-parent\" data-id=\"4e9b98d\" data-element_type=\"container\" data-e-type=\"container\">\n\t\t\t\t\t<div class=\"e-con-inner\">\n\t\t\t\t<div class=\"elementor-element elementor-element-4de36d2 elementor-widget elementor-widget-heading\" data-id=\"4de36d2\" data-element_type=\"widget\" data-e-type=\"widget\" data-widget_type=\"heading.default\">\n\t\t\t\t\t<h2 class=\"elementor-heading-title elementor-size-default\">Shorts<\/h2>\t\t\t\t<\/div>\n\t\t\t\t\t<\/div>\n\t\t\t\t<\/div>\n\t\t<div class=\"elementor-element elementor-element-e35a76e e-flex e-con-boxed wpr-particle-no wpr-jarallax-no wpr-parallax-no wpr-sticky-section-no e-con e-parent\" data-id=\"e35a76e\" data-element_type=\"container\" data-e-type=\"container\">\n\t\t\t\t\t<div class=\"e-con-inner\">\n\t\t<div class=\"elementor-element elementor-element-5ab480f e-con-full e-flex wpr-particle-no wpr-jarallax-no wpr-parallax-no wpr-sticky-section-no e-con e-child\" data-id=\"5ab480f\" data-element_type=\"container\" data-e-type=\"container\">\n\t\t\t\t<div class=\"elementor-element elementor-element-9c7117c elementor-widget elementor-widget-video\" data-id=\"9c7117c\" data-element_type=\"widget\" data-e-type=\"widget\" data-settings=\"{&quot;youtube_url&quot;:&quot;https:\\\/\\\/youtube.com\\\/shorts\\\/DVYLWqspyWw?feature=share&quot;,&quot;loop&quot;:&quot;yes&quot;,&quot;yt_privacy&quot;:&quot;yes&quot;,&quot;video_type&quot;:&quot;youtube&quot;}\" data-widget_type=\"video.default\">\n\t\t\t\t\t\t\t<div class=\"elementor-wrapper elementor-open-inline\">\n\t\t\t<div class=\"elementor-video\"><\/div>\t\t<\/div>\n\t\t\t\t\t\t<\/div>\n\t\t\t\t<div class=\"elementor-element elementor-element-dca72b3 elementor-widget elementor-widget-heading\" data-id=\"dca72b3\" data-element_type=\"widget\" data-e-type=\"widget\" data-widget_type=\"heading.default\">\n\t\t\t\t\t<h2 class=\"elementor-heading-title elementor-size-default\">Comercio Gallego<\/h2>\t\t\t\t<\/div>\n\t\t\t\t<\/div>\n\t\t<div class=\"elementor-element elementor-element-c85a370 e-con-full e-flex wpr-particle-no wpr-jarallax-no wpr-parallax-no wpr-sticky-section-no e-con e-child\" data-id=\"c85a370\" data-element_type=\"container\" data-e-type=\"container\">\n\t\t\t\t<div class=\"elementor-element elementor-element-d0fe433 elementor-widget elementor-widget-video\" data-id=\"d0fe433\" data-element_type=\"widget\" data-e-type=\"widget\" data-settings=\"{&quot;youtube_url&quot;:&quot;https:\\\/\\\/youtube.com\\\/shorts\\\/CAU7Ur30o6Q?feature=share&quot;,&quot;loop&quot;:&quot;yes&quot;,&quot;yt_privacy&quot;:&quot;yes&quot;,&quot;video_type&quot;:&quot;youtube&quot;,&quot;controls&quot;:&quot;yes&quot;}\" data-widget_type=\"video.default\">\n\t\t\t\t\t\t\t<div class=\"elementor-wrapper elementor-open-inline\">\n\t\t\t<div class=\"elementor-video\"><\/div>\t\t<\/div>\n\t\t\t\t\t\t<\/div>\n\t\t\t\t<div class=\"elementor-element elementor-element-5bdb949 elementor-widget elementor-widget-heading\" data-id=\"5bdb949\" data-element_type=\"widget\" data-e-type=\"widget\" data-widget_type=\"heading.default\">\n\t\t\t\t\t<h2 class=\"elementor-heading-title elementor-size-default\">Estaci\u00f3n Racing<\/h2>\t\t\t\t<\/div>\n\t\t\t\t<\/div>\n\t\t<div class=\"elementor-element elementor-element-f9b82f2 e-con-full e-flex wpr-particle-no wpr-jarallax-no wpr-parallax-no wpr-sticky-section-no e-con e-child\" data-id=\"f9b82f2\" data-element_type=\"container\" data-e-type=\"container\">\n\t\t\t\t<div class=\"elementor-element elementor-element-fd09394 elementor-widget elementor-widget-video\" data-id=\"fd09394\" data-element_type=\"widget\" data-e-type=\"widget\" data-settings=\"{&quot;youtube_url&quot;:&quot;https:\\\/\\\/youtube.com\\\/shorts\\\/waFLohk2whM?feature=share&quot;,&quot;loop&quot;:&quot;yes&quot;,&quot;yt_privacy&quot;:&quot;yes&quot;,&quot;video_type&quot;:&quot;youtube&quot;,&quot;controls&quot;:&quot;yes&quot;}\" data-widget_type=\"video.default\">\n\t\t\t\t\t\t\t<div class=\"elementor-wrapper elementor-open-inline\">\n\t\t\t<div class=\"elementor-video\"><\/div>\t\t<\/div>\n\t\t\t\t\t\t<\/div>\n\t\t\t\t<div class=\"elementor-element elementor-element-2bf74bb elementor-widget elementor-widget-heading\" data-id=\"2bf74bb\" data-element_type=\"widget\" data-e-type=\"widget\" data-widget_type=\"heading.default\">\n\t\t\t\t\t<h2 class=\"elementor-heading-title elementor-size-default\">Estaci\u00f3n Racing<\/h2>\t\t\t\t<\/div>\n\t\t\t\t<\/div>\n\t\t\t\t\t<\/div>\n\t\t\t\t<\/div>\n\t\t<div class=\"elementor-element elementor-element-96cc0ef e-flex e-con-boxed wpr-particle-no wpr-jarallax-no wpr-parallax-no wpr-sticky-section-no e-con e-parent\" data-id=\"96cc0ef\" data-element_type=\"container\" data-e-type=\"container\">\n\t\t\t\t\t<div class=\"e-con-inner\">\n\t\t<div class=\"elementor-element elementor-element-62fd1c6 e-grid e-con-full wpr-particle-no wpr-jarallax-no wpr-parallax-no wpr-sticky-section-no e-con e-child\" data-id=\"62fd1c6\" data-element_type=\"container\" data-e-type=\"container\">\n\t\t<div class=\"elementor-element elementor-element-8c0cb5d e-con-full e-flex wpr-particle-no wpr-jarallax-no wpr-parallax-no wpr-sticky-section-no e-con e-child\" data-id=\"8c0cb5d\" data-element_type=\"container\" data-e-type=\"container\">\n\t\t\t\t<div class=\"elementor-element elementor-element-ec80d5e elementor-icon-list--layout-traditional elementor-list-item-link-full_width elementor-widget elementor-widget-icon-list\" data-id=\"ec80d5e\" data-element_type=\"widget\" data-e-type=\"widget\" data-widget_type=\"icon-list.default\">\n\t\t\t\t\t\t\t<ul class=\"elementor-icon-list-items\">\n\t\t\t\t\t\t\t<li class=\"elementor-icon-list-item\">\n\t\t\t\t\t\t\t\t\t\t\t<span class=\"elementor-icon-list-icon\">\n\t\t\t\t\t\t\t<svg xmlns=\"http:\/\/www.w3.org\/2000\/svg\" xmlns:xlink=\"http:\/\/www.w3.org\/1999\/xlink\" viewBox=\"0 0 96 96\"><title>alecreationRecurso 29<\/title><g id=\"Capa_2\" data-name=\"Capa 2\"><g id=\"Capa_1-2\" data-name=\"Capa 1\"><image width=\"96\" height=\"96\" xlink:href=\"data:image\/png;base64,iVBORw0KGgoAAAANSUhEUgAAAGAAAABgCAYAAADimHc4AAAACXBIWXMAAAsTAAALEwEAmpwYAAAG7klEQVR4nO2by08UWxDGTxzlJSqKbETjK4oEEzX+A4SHiIjeDYrmulASDQbc+giGuJIVwScJW8UHahRINBpWCFwJRheKuhCMA3HBY3ElGvUidfN14Gamp7unH6fv0N31S07SgZ7q7vp66tSpUyMEwzAMwzAMwzAMwzAMwySeP4QQI0IIcjhGZm0xFqgQQvwjwflzY1oI8ScrkBjnE4uQuDefgiRCvIe37PxQKEQ3b94ku9y7d48WLlwYGBGcCFAh2\/l+EqFMCDHqYlgg9YDD7ty5Q7KALQ0R3B7IvkplCDDiZecnWISwDAH+txsOSQo7FsOR28MbAqxZs4YePnxIboNr4FqeFYAxhgVIMCxAgmEBEowvBZiamqLHjx\/TmTNnaO\/evZSTk0PLly+nRYsWKQPHW7ZsofLycuWcJ0+eKJ9xQrzJ1fcCzMzMKI6sqKiglJQUy9kHPnPw4EHFBmxZJdACPHjwgLZt2yYtFdy+fbvlFDeQAnz8+JGKi4tdy8l3795NQ0NDpu5l1apVunZWr17tPwFu375NS5cu1X3ojRs30smTJ+nWrVv06tUrmpiYoF+\/fikDx\/hba2srVVdX04YNG3Tt4Bp3796Nez+YS\/RsnDt3zl8CnD9\/Xrc0cejQIert7bVkDzG\/p6eHKisrFRtatuvr6w1t\/Pz5UxEhOzv7v8\/gGM7H\/3wjQE1NjaaDdu3aRR8+fHBs\/927d1RYWKh5jdraWpKNpwSoq6uLueHU1FRqaWkh2TQ3N2tmU\/G+Cb4VADFfqGxnZWXRwMAAuUV\/fz+tXLky5rptbW3BEgDZjnrCzcrKovfv35PbICSpRVi2bBkNDw8HRwDEd3XYGTDx5n\/+\/JkuX75MJSUlymp48eLFtGnTJvr9+7el67948SImHJWWllIgBMAiS22zJU7MHxkZoWPHjmlmNA0NDbbu4\/r16zG2Hj16RPNeANmjuLjY8IGwgk1PT9f9vJM5o6CgwNVnm\/cChEIhw1SzqamJFixYYGhjcnLStgCDg4O664RACHD48GHDNz+e8zG+fv1KTjhw4EBwBejVWeEi5huFnciBt9gJz58\/95YAdkE9X13bmdEpEx89etT0AyJMOQH3sG7duiibT58+tW1v3gpw+vTpKDsorOmlmlbi8tatW2l6epqccOLEiSibZ8+e9Z8A2MmKtIOqphbI861+za9evUpOQC9SpL19+\/b5T4DNmzdH2UH5WAvU7K0KkJSURF1dXWSXly9fRtnD9qbvBMjMzIyygxq+GaGsiHDlyhXDcKS3Yh4bG4uyhVKF7wSAgyLt6NXUlyxZYkuAuZGXl0eNjY305s0bZWP++\/fvyvHFixeVsoUWP378iLKRnJwcXAHSTaafdgYKgIEVwO0QJEwMvdgeiBCE6qVbk7AwOfbs2WNqEs7NzfWfAGiairSDDXQtMJG6JQAqoFrcuHEj6rz9+\/eT7wRQdxmge0GLcDjsSoEMvwtAiUOL48ePm+568KwA6FCLtIPWkRmdUkRVVZV0AbDa1QL3sHbt2qhznz175j8BkBKqd6F6eno0zx0dHXWcjqqzny9fvmheq7u7O+rctLQ0+vbtm\/8E0Cr9VlZWGhbvZIQilLQ7Ojp0r4PeU7Mlcs8LoA5DoVBI2STX49KlS6b2BIycj9qSHligqe07CT\/zXgCwc+fOKHtFRUWG57e3t9sKRwg7nZ2dlrYkd+zYYauT2lMCYKdLbbO5udnwM1gonTp1ytQvHPFGHzlyRDfmG6W78QTzhQAAbSWRNlNSUpSmqXggjUTpGS0kWNWibIGBYyyyrl27pptqRtLX16eUGyLvoaysTMqzeUIAtIijGUqolv9G84Es3r59G1MWycjIoE+fPgVHAIAWcaGyDRHQNOUWePPVzse4f\/++tGt4RgBQX18fc8MIR3olA7tgYkXMV4cdjAsXLki9lqcEAGgR15pMkaE47XiYSzXz8\/M1r4GJXTaeE0DvmzCX0eCHdmgdsZIe4lyscLHI0ltHyH7zPS0AQIu4emKOHOvXr1fqOdhAR\/kY+wnY1MEYHx9X\/oaqJgpr6jYT9YQrM+b7RgCAFnGkmHrOczqQasrKdnwpQOTqF6tSWY7H6lvGIiswAszFcXSo4Ud6+P2AVaejqonCmtPaTmAFiATlYYiBjRLsVmHLcMWKFcpGPwaO8Tf8D+fA6U5Kyk7wpQBeggVIMCxAgmEB\/C6AmXJvUAmHw+4LgIUSi6DtfJ2mMrkC8BBWfcACiMS+OI6Z4rde2HX+3zIE6GcBhF0B\/pIhQC0LIOwKUCNDgGQhxGsWQVh1PnyWJCSRzSIIq86Hz6SSNPuVQlzjiVnEOB0+6Zv1kbQ3n2EYhmEYhmEYhmEYhhG+4V86de9jsF+tBgAAAABJRU5ErkJggg==\"><\/image><\/g><\/g><\/svg>\t\t\t\t\t\t<\/span>\n\t\t\t\t\t\t\t\t\t\t<span class=\"elementor-icon-list-text\"><b>Equipos:<\/b> <br>Sony ZV-E10 + 30mm 1.4, Iphone 15 Pro Max<\/span>\n\t\t\t\t\t\t\t\t\t<\/li>\n\t\t\t\t\t\t<\/ul>\n\t\t\t\t\t\t<\/div>\n\t\t\t\t<\/div>\n\t\t<div class=\"elementor-element elementor-element-4ca0a3b e-con-full e-flex wpr-particle-no wpr-jarallax-no wpr-parallax-no wpr-sticky-section-no e-con e-child\" data-id=\"4ca0a3b\" data-element_type=\"container\" data-e-type=\"container\">\n\t\t\t\t<div class=\"elementor-element elementor-element-2011810 elementor-icon-list--layout-traditional elementor-list-item-link-full_width elementor-widget elementor-widget-icon-list\" data-id=\"2011810\" data-element_type=\"widget\" data-e-type=\"widget\" data-widget_type=\"icon-list.default\">\n\t\t\t\t\t\t\t<ul class=\"elementor-icon-list-items\">\n\t\t\t\t\t\t\t<li class=\"elementor-icon-list-item\">\n\t\t\t\t\t\t\t\t\t\t\t<span class=\"elementor-icon-list-icon\">\n\t\t\t\t\t\t\t<svg xmlns=\"http:\/\/www.w3.org\/2000\/svg\" xmlns:xlink=\"http:\/\/www.w3.org\/1999\/xlink\" viewBox=\"0 0 100 100\"><title>alecreationRecurso 27<\/title><g id=\"Capa_2\" data-name=\"Capa 2\"><g id=\"Capa_1-2\" data-name=\"Capa 1\"><image width=\"100\" height=\"100\" xlink:href=\"data:image\/png;base64,iVBORw0KGgoAAAANSUhEUgAAAGQAAABkCAYAAABw4pVUAAAACXBIWXMAAAsTAAALEwEAmpwYAAAE7UlEQVR4nO2du0ssZxTAjwoqPhJF0UIrRXykCMFCC1+sWyWwILaChXL\/ABcUfGS10UrlimKnGBDDJa0WrqhFGt8GbGwS9WKxaqH4IEtYTziL97KzM3vdnflm55uZ84ODxcx83\/nOj505zowrAMMwDMMwDMMwDMMwDMMwDOMefgCAPgD4wAF6gmrXIEqGFwD+AwDkACNBNewUIWRZgsWgQ4JqaZhPEiwEHRKfhAupqqpCr9fL4X0\/qFamCwkEAsgkB9XKMiHX19f48vKSMLn7+3u8vb1FNxGwQkgkEsGurq7otqKiItzd3VUltrS0hNnZ2ZiRkYHDw8PoFgJWCCEBsds9Ho8qsbKysq\/bScrNzQ26gYAVQg4PDxWT+nw+VWKxF7ecnBx8eHhANxCw6hoyNjYWPV01Njbi+fm5avv29jZWV1djeXk5rqysoFsIWHlRZ9SwEDcKycvLw9LSUo7S94NqZboQDjASLATkChYCThfS29uLOzs7HDvvB9XKdCHcZSUPt72SwUIkg4VIBgtxiZA\/7SQkEong2toazs3NWf5ATEMI1dIwn+0kxO\/3f821pqYGw+GwTEI+u0pIOBzGgoICRRGOj48ty8f1Qra2thQFyMrKwru7O8vycb0Qf8zpiqK5udnSfFwvpKGhQVGAiYkJS\/NxhJCnp6foc3r6mQpXV1eqm3n7+\/tC53CdkJOTE6yoqIjOU1lZiZeXl0kfu7i4qFg8PSCiFjiei4sLxRw0p1nYWggVpqSkRLGA0dHRpI+nt11ij+3p6dHcb2RkRLEfzWmWFNsK0ZIBALiwsJB0u1tYWKg4dnV1VXPf+fl51TxmSbGlkEQyPB5P0r\/Uxbe7mZmZGAqFNPelMWnsdEixnZDT09PouT6+OG1tbfj4+Ghau0vvINPb6fHz0rtlBwcH6EohomTobXcTSSkuLhYmxTZCEslobW1NWUYq7a6WlM7OTtOk2EKISBmptLuJeH5+Nk2K9ELOzs4SXsCpMHpItt39FjR3ogs95exYIe3t7UJlhFNod\/VK6ejoQMcKqa2tVS14ampK93hbKbS7yUC5xOdXV1fnXCHLy8uqBVNMT0\/rGs8f1+42NTXpzo1y0MqNcnasEGJ2dlZz4ZOTkymPVV9frxhjfHxcV04zMzOaORn59NpGiCgpVwba3XTIsJUQEVIWDba7ZsuwnRCjUnwG212zZdhSiF4pYYPtbjpk2FbItzqczc1Nzf2DwaDudpfGFNnpOVJIIilDQ0Oa+w4MDOhudwcHB9Miw\/ZCtKQEg0Hh7W78J8QsGY4Q8qVg9MlIdLrSanf39vZQ5ByicISQdLS76cIVQnwC7u6mC8cLCQu8u5sOHC\/k6OhI1e5a\/ScHrhYSCoWi3yb0JRd60iczjhdCrK+vY0tLC3Z3d6f0ZqMVuEKInWAhksFCJIOFuETIP7GD9vf3W71O29DX1xcv5G8RQv6KHTQ3Nxc3NjasXqvUvL6+RrtBqlWckFMRQtbjb+ZR5OfnR9\/u4yhWBdVGq2ZvtTQMf18WCAsh3+TwmwQLQYfEiggh4xIsBB0Sv4oQ8pMEC0EHxCsA\/AiC+EOCBaHN43cQSBEAnEiwKLRpHAPA9yCYfAD4CAD\/SrBAtElQrWbfamca3wHALwDQL8G\/o\/sgaVBtfn6rFcMwDMMwDMMwDMMwDMMwDANu439OY9VCfxKH3gAAAABJRU5ErkJggg==\"><\/image><\/g><\/g><\/svg>\t\t\t\t\t\t<\/span>\n\t\t\t\t\t\t\t\t\t\t<span class=\"elementor-icon-list-text\"><b>Programas:<\/b> <br>Adobe Premiere, CapCut, Edits<\/span>\n\t\t\t\t\t\t\t\t\t<\/li>\n\t\t\t\t\t\t<\/ul>\n\t\t\t\t\t\t<\/div>\n\t\t\t\t<\/div>\n\t\t\t\t<\/div>\n\t\t\t\t\t<\/div>\n\t\t\t\t<\/div>\n\t\t<div class=\"elementor-element elementor-element-51b68e7 e-flex e-con-boxed wpr-particle-no wpr-jarallax-no wpr-parallax-no wpr-sticky-section-no e-con e-parent\" data-id=\"51b68e7\" data-element_type=\"container\" data-e-type=\"container\">\n\t\t\t\t\t<div class=\"e-con-inner\">\n\t\t\t\t<div class=\"elementor-element elementor-element-f459721 elementor-button-info elementor-mobile-align-center elementor-align-center elementor-widget elementor-widget-button\" data-id=\"f459721\" data-element_type=\"widget\" data-e-type=\"widget\" data-widget_type=\"button.default\">\n\t\t\t\t\t\t\t\t\t\t<a class=\"elementor-button elementor-button-link elementor-size-sm\" href=\"https:\/\/alecreation.es\/index.php\/portfolio\/\">\n\t\t\t\t\t\t<span class=\"elementor-button-content-wrapper\">\n\t\t\t\t\t\t<span class=\"elementor-button-icon\">\n\t\t\t\t<svg aria-hidden=\"true\" class=\"e-font-icon-svg e-far-arrow-alt-circle-left\" viewBox=\"0 0 512 512\" xmlns=\"http:\/\/www.w3.org\/2000\/svg\"><path d=\"M8 256c0 137 111 248 248 248s248-111 248-248S393 8 256 8 8 119 8 256zm448 0c0 110.5-89.5 200-200 200S56 366.5 56 256 145.5 56 256 56s200 89.5 200 200zm-72-20v40c0 6.6-5.4 12-12 12H256v67c0 10.7-12.9 16-20.5 8.5l-99-99c-4.7-4.7-4.7-12.3 0-17l99-99c7.6-7.6 20.5-2.2 20.5 8.5v67h116c6.6 0 12 5.4 12 12z\"><\/path><\/svg>\t\t\t<\/span>\n\t\t\t\t\t\t\t\t\t<span class=\"elementor-button-text\">VOLVER<\/span>\n\t\t\t\t\t<\/span>\n\t\t\t\t\t<\/a>\n\t\t\t\t\t\t\t\t<\/div>\n\t\t\t\t\t<\/div>\n\t\t\t\t<\/div>\n\t\t<div class=\"elementor-element elementor-element-21657e0 e-flex e-con-boxed wpr-particle-no wpr-jarallax-no wpr-parallax-no wpr-sticky-section-no e-con e-parent\" data-id=\"21657e0\" data-element_type=\"container\" data-e-type=\"container\" data-settings=\"{&quot;background_background&quot;:&quot;classic&quot;}\">\n\t\t\t\t\t<div class=\"e-con-inner\">\n\t\t<div class=\"elementor-element elementor-element-e17e44f e-con-full e-flex wpr-particle-no wpr-jarallax-no wpr-parallax-no wpr-sticky-section-no e-con e-child\" data-id=\"e17e44f\" data-element_type=\"container\" data-e-type=\"container\">\n\t\t<div class=\"elementor-element elementor-element-79b3084 e-con-full e-flex wpr-particle-no wpr-jarallax-no wpr-parallax-no wpr-sticky-section-no e-con e-child\" data-id=\"79b3084\" data-element_type=\"container\" data-e-type=\"container\">\n\t\t\t\t<div class=\"elementor-element elementor-element-7cdb85c elementor-widget elementor-widget-heading\" data-id=\"7cdb85c\" data-element_type=\"widget\" data-e-type=\"widget\" data-widget_type=\"heading.default\">\n\t\t\t\t\t<h2 class=\"elementor-heading-title elementor-size-default\">Open\n<br> to work.<\/h2>\t\t\t\t<\/div>\n\t\t\t\t<\/div>\n\t\t<div class=\"elementor-element elementor-element-45b9822 e-con-full e-flex wpr-particle-no wpr-jarallax-no wpr-parallax-no wpr-sticky-section-no e-con e-child\" data-id=\"45b9822\" data-element_type=\"container\" data-e-type=\"container\">\n\t\t\t\t<div class=\"elementor-element elementor-element-ff92b5f elementor-widget elementor-widget-text-editor\" data-id=\"ff92b5f\" data-element_type=\"widget\" data-e-type=\"widget\" data-widget_type=\"text-editor.default\">\n\t\t\t\t\t\t\t\t\t<p>Con disposici\u00f3n inmediata para aportar soluciones visuales integrales.<\/p>\t\t\t\t\t\t\t\t<\/div>\n\t\t<div class=\"elementor-element elementor-element-4bd841e e-grid e-con-full wpr-particle-no wpr-jarallax-no wpr-parallax-no wpr-sticky-section-no e-con e-child\" data-id=\"4bd841e\" data-element_type=\"container\" data-e-type=\"container\">\n\t\t\t\t<div class=\"elementor-element elementor-element-b152dc0 elementor-button-info elementor-mobile-align-center elementor-widget elementor-widget-button\" data-id=\"b152dc0\" data-element_type=\"widget\" data-e-type=\"widget\" data-widget_type=\"button.default\">\n\t\t\t\t\t\t\t\t\t\t<a class=\"elementor-button elementor-button-link elementor-size-sm\" href=\"mailto:alecreation@gmail.com\">\n\t\t\t\t\t\t<span class=\"elementor-button-content-wrapper\">\n\t\t\t\t\t\t\t\t\t<span class=\"elementor-button-text\">alecreation@gmail.com<\/span>\n\t\t\t\t\t<\/span>\n\t\t\t\t\t<\/a>\n\t\t\t\t\t\t\t\t<\/div>\n\t\t\t\t<div class=\"elementor-element elementor-element-fbc4c20 elementor-button-info elementor-mobile-align-center elementor-widget elementor-widget-button\" data-id=\"fbc4c20\" data-element_type=\"widget\" data-e-type=\"widget\" data-widget_type=\"button.default\">\n\t\t\t\t\t\t\t\t\t\t<a class=\"elementor-button elementor-button-link elementor-size-sm\" href=\"https:\/\/wa.me\/649200677\">\n\t\t\t\t\t\t<span class=\"elementor-button-content-wrapper\">\n\t\t\t\t\t\t\t\t\t<span class=\"elementor-button-text\">Whatsapp 649.200.677<\/span>\n\t\t\t\t\t<\/span>\n\t\t\t\t\t<\/a>\n\t\t\t\t\t\t\t\t<\/div>\n\t\t\t\t<\/div>\n\t\t\t\t<\/div>\n\t\t\t\t<\/div>\n\t\t\t\t\t<\/div>\n\t\t\t\t<\/div>\n\t\t\t\t<\/div>\n\t\t","protected":false},"excerpt":{"rendered":"<p>V\u00eddeos de la afici\u00f3n a la pr\u00e1ctica real Creaci\u00f3n y edici\u00f3n de videos adaptados a diferentes plataformas y campa\u00f1as, abarcando grabaci\u00f3n, edici\u00f3n y animaci\u00f3n. Videos https:\/\/youtu.be\/BS85os6L91M YoRoller https:\/\/youtu.be\/XKZxcY72v74 Travel Maletas https:\/\/youtu.be\/8Qu93LtCsTI Estaci\u00f3n Racing Shorts https:\/\/youtube.com\/shorts\/DVYLWqspyWw?feature=share Comercio Gallego https:\/\/youtube.com\/shorts\/CAU7Ur30o6Q?feature=share Estaci\u00f3n Racing https:\/\/youtube.com\/shorts\/waFLohk2whM?feature=share Estaci\u00f3n Racing alecreationRecurso 29 Equipos: Sony ZV-E10 + 30mm 1.4, Iphone 15 Pro Max alecreationRecurso 27 Programas: Adobe Premiere, CapCut, Edits VOLVER Open to work. Con disposici\u00f3n inmediata para aportar soluciones visuales integrales. alecreation@gmail.com Whatsapp 649.200.677<\/p>\n","protected":false},"author":1,"featured_media":0,"parent":0,"menu_order":0,"comment_status":"closed","ping_status":"closed","template":"","meta":{"footnotes":""},"class_list":["post-1591","page","type-page","status-publish","hentry"],"_links":{"self":[{"href":"https:\/\/alecreation.es\/index.php\/wp-json\/wp\/v2\/pages\/1591","targetHints":{"allow":["GET"]}}],"collection":[{"href":"https:\/\/alecreation.es\/index.php\/wp-json\/wp\/v2\/pages"}],"about":[{"href":"https:\/\/alecreation.es\/index.php\/wp-json\/wp\/v2\/types\/page"}],"author":[{"embeddable":true,"href":"https:\/\/alecreation.es\/index.php\/wp-json\/wp\/v2\/users\/1"}],"replies":[{"embeddable":true,"href":"https:\/\/alecreation.es\/index.php\/wp-json\/wp\/v2\/comments?post=1591"}],"version-history":[{"count":22,"href":"https:\/\/alecreation.es\/index.php\/wp-json\/wp\/v2\/pages\/1591\/revisions"}],"predecessor-version":[{"id":1620,"href":"https:\/\/alecreation.es\/index.php\/wp-json\/wp\/v2\/pages\/1591\/revisions\/1620"}],"wp:attachment":[{"href":"https:\/\/alecreation.es\/index.php\/wp-json\/wp\/v2\/media?parent=1591"}],"curies":[{"name":"wp","href":"https:\/\/api.w.org\/{rel}","templated":true}]}}