{"id":449,"date":"2025-09-25T18:32:56","date_gmt":"2025-09-25T18:32:56","guid":{"rendered":"https:\/\/alecreation.es\/?page_id=449"},"modified":"2026-02-06T12:31:41","modified_gmt":"2026-02-06T12:31:41","slug":"web-ecommerce","status":"publish","type":"page","link":"https:\/\/alecreation.es\/index.php\/web-ecommerce\/","title":{"rendered":"Web-ecommerce"},"content":{"rendered":"\t\t<div data-elementor-type=\"wp-page\" data-elementor-id=\"449\" class=\"elementor elementor-449\">\n\t\t\t\t<div class=\"elementor-element elementor-element-29dbcf5 e-flex e-con-boxed wpr-particle-no wpr-jarallax-no wpr-parallax-no wpr-sticky-section-no e-con e-parent\" data-id=\"29dbcf5\" data-element_type=\"container\" data-e-type=\"container\" data-settings=\"{&quot;background_background&quot;:&quot;classic&quot;}\">\n\t\t\t\t\t<div class=\"e-con-inner\">\n\t\t<div class=\"elementor-element elementor-element-f4e077f e-con-full e-flex wpr-particle-no wpr-jarallax-no wpr-parallax-no wpr-sticky-section-no e-con e-child\" data-id=\"f4e077f\" data-element_type=\"container\" data-e-type=\"container\" data-settings=\"{&quot;background_background&quot;:&quot;classic&quot;}\">\n\t\t\t\t<div class=\"elementor-element elementor-element-3253e9c elementor-widget elementor-widget-heading\" data-id=\"3253e9c\" data-element_type=\"widget\" data-e-type=\"widget\" data-widget_type=\"heading.default\">\n\t\t\t\t\t<h2 class=\"elementor-heading-title elementor-size-default\">Dise\u00f1o Web<\/h2>\t\t\t\t<\/div>\n\t\t\t\t<div class=\"elementor-element elementor-element-b9a8d0f elementor-widget elementor-widget-heading\" data-id=\"b9a8d0f\" data-element_type=\"widget\" data-e-type=\"widget\" data-widget_type=\"heading.default\">\n\t\t\t\t\t<h2 class=\"elementor-heading-title elementor-size-default\">con Prop\u00f3sito<\/h2>\t\t\t\t<\/div>\n\t\t\t\t<\/div>\n\t\t\t\t\t<\/div>\n\t\t\t\t<\/div>\n\t\t<div class=\"elementor-element elementor-element-50f16fd e-flex e-con-boxed wpr-particle-no wpr-jarallax-no wpr-parallax-no wpr-sticky-section-no e-con e-parent\" data-id=\"50f16fd\" data-element_type=\"container\" data-e-type=\"container\">\n\t\t\t\t\t<div class=\"e-con-inner\">\n\t\t\t\t<div class=\"elementor-element elementor-element-091a112 elementor-widget elementor-widget-text-editor\" data-id=\"091a112\" data-element_type=\"widget\" data-e-type=\"widget\" data-widget_type=\"text-editor.default\">\n\t\t\t\t\t\t\t\t\t<p>Sitios web dise\u00f1ados con WordPress, optimizados con Elementor y potenciados con WooCommerce. Proyectos enfocados en usabilidad, rendimiento y SEO para maximizar su impacto.<\/p>\t\t\t\t\t\t\t\t<\/div>\n\t\t\t\t\t<\/div>\n\t\t\t\t<\/div>\n\t\t<div class=\"elementor-element elementor-element-0385806 e-flex e-con-boxed wpr-particle-no wpr-jarallax-no wpr-parallax-no wpr-sticky-section-no e-con e-parent\" data-id=\"0385806\" data-element_type=\"container\" data-e-type=\"container\" data-settings=\"{&quot;background_background&quot;:&quot;classic&quot;}\">\n\t\t\t\t\t<div class=\"e-con-inner\">\n\t\t\t\t<div class=\"elementor-element elementor-element-1ce0435 gallery-spacing-custom elementor-widget elementor-widget-image-gallery\" data-id=\"1ce0435\" data-element_type=\"widget\" data-e-type=\"widget\" data-widget_type=\"image-gallery.default\">\n\t\t\t\t\t\t\t<div class=\"elementor-image-gallery\">\n\t\t\t<div id='gallery-1' class='gallery galleryid-449 gallery-columns-1 gallery-size-2048x2048'><figure class='gallery-item'>\n\t\t\t<div class='gallery-icon landscape'>\n\t\t\t\t<a data-elementor-open-lightbox=\"yes\" data-elementor-lightbox-slideshow=\"1ce0435\" data-e-action-hash=\"#elementor-action%3Aaction%3Dlightbox%26settings%3DeyJpZCI6NjI0LCJ1cmwiOiJodHRwczpcL1wvYWxlY3JlYXRpb24uZXNcL3dwLWNvbnRlbnRcL3VwbG9hZHNcLzIwMjVcLzEwXC9lc3RhY2lvbnJhY2luZy5qcGciLCJzbGlkZXNob3ciOiIxY2UwNDM1In0%3D\" href='https:\/\/alecreation.es\/wp-content\/uploads\/2025\/10\/estacionracing.jpg'><img fetchpriority=\"high\" decoding=\"async\" width=\"1500\" height=\"899\" src=\"https:\/\/alecreation.es\/wp-content\/uploads\/2025\/10\/estacionracing.jpg\" class=\"attachment-2048x2048 size-2048x2048\" alt=\"\" aria-describedby=\"gallery-1-624\" srcset=\"https:\/\/alecreation.es\/wp-content\/uploads\/2025\/10\/estacionracing.jpg 1500w, https:\/\/alecreation.es\/wp-content\/uploads\/2025\/10\/estacionracing-300x180.jpg 300w, https:\/\/alecreation.es\/wp-content\/uploads\/2025\/10\/estacionracing-1024x614.jpg 1024w, https:\/\/alecreation.es\/wp-content\/uploads\/2025\/10\/estacionracing-768x460.jpg 768w\" sizes=\"(max-width: 1500px) 100vw, 1500px\" \/><\/a>\n\t\t\t<\/div>\n\t\t\t\t<figcaption class='wp-caption-text gallery-caption' id='gallery-1-624'>\n\t\t\t\tLandig Page: estacionracing.com\n\t\t\t\t<\/figcaption><\/figure><figure class='gallery-item'>\n\t\t\t<div class='gallery-icon landscape'>\n\t\t\t\t<a data-elementor-open-lightbox=\"yes\" data-elementor-lightbox-slideshow=\"1ce0435\" data-e-action-hash=\"#elementor-action%3Aaction%3Dlightbox%26settings%3DeyJpZCI6NjI1LCJ1cmwiOiJodHRwczpcL1wvYWxlY3JlYXRpb24uZXNcL3dwLWNvbnRlbnRcL3VwbG9hZHNcLzIwMjVcLzEwXC9IYW5keS1HeW0tRml0LmpwZyIsInNsaWRlc2hvdyI6IjFjZTA0MzUifQ%3D%3D\" href='https:\/\/alecreation.es\/wp-content\/uploads\/2025\/10\/Handy-Gym-Fit.jpg'><img decoding=\"async\" width=\"1500\" height=\"899\" src=\"https:\/\/alecreation.es\/wp-content\/uploads\/2025\/10\/Handy-Gym-Fit.jpg\" class=\"attachment-2048x2048 size-2048x2048\" alt=\"\" aria-describedby=\"gallery-1-625\" srcset=\"https:\/\/alecreation.es\/wp-content\/uploads\/2025\/10\/Handy-Gym-Fit.jpg 1500w, https:\/\/alecreation.es\/wp-content\/uploads\/2025\/10\/Handy-Gym-Fit-300x180.jpg 300w, https:\/\/alecreation.es\/wp-content\/uploads\/2025\/10\/Handy-Gym-Fit-1024x614.jpg 1024w, https:\/\/alecreation.es\/wp-content\/uploads\/2025\/10\/Handy-Gym-Fit-768x460.jpg 768w\" sizes=\"(max-width: 1500px) 100vw, 1500px\" \/><\/a>\n\t\t\t<\/div>\n\t\t\t\t<figcaption class='wp-caption-text gallery-caption' id='gallery-1-625'>\n\t\t\t\tE-commerce: Handy Gym | Multilenguaje\n\t\t\t\t<\/figcaption><\/figure><figure class='gallery-item'>\n\t\t\t<div class='gallery-icon landscape'>\n\t\t\t\t<a data-elementor-open-lightbox=\"yes\" data-elementor-lightbox-slideshow=\"1ce0435\" data-e-action-hash=\"#elementor-action%3Aaction%3Dlightbox%26settings%3DeyJpZCI6NjI2LCJ1cmwiOiJodHRwczpcL1wvYWxlY3JlYXRpb24uZXNcL3dwLWNvbnRlbnRcL3VwbG9hZHNcLzIwMjVcLzEwXC9IYW5keS1HeW0tU3RhcnRlci5qcGciLCJzbGlkZXNob3ciOiIxY2UwNDM1In0%3D\" href='https:\/\/alecreation.es\/wp-content\/uploads\/2025\/10\/Handy-Gym-Starter.jpg'><img decoding=\"async\" width=\"1500\" height=\"899\" src=\"https:\/\/alecreation.es\/wp-content\/uploads\/2025\/10\/Handy-Gym-Starter.jpg\" class=\"attachment-2048x2048 size-2048x2048\" alt=\"\" aria-describedby=\"gallery-1-626\" srcset=\"https:\/\/alecreation.es\/wp-content\/uploads\/2025\/10\/Handy-Gym-Starter.jpg 1500w, https:\/\/alecreation.es\/wp-content\/uploads\/2025\/10\/Handy-Gym-Starter-300x180.jpg 300w, https:\/\/alecreation.es\/wp-content\/uploads\/2025\/10\/Handy-Gym-Starter-1024x614.jpg 1024w, https:\/\/alecreation.es\/wp-content\/uploads\/2025\/10\/Handy-Gym-Starter-768x460.jpg 768w\" sizes=\"(max-width: 1500px) 100vw, 1500px\" \/><\/a>\n\t\t\t<\/div>\n\t\t\t\t<figcaption class='wp-caption-text gallery-caption' id='gallery-1-626'>\n\t\t\t\tLandig Page: Handy Gym Starter Guide | multilenguaje\n\t\t\t\t<\/figcaption><\/figure><figure class='gallery-item'>\n\t\t\t<div class='gallery-icon landscape'>\n\t\t\t\t<a data-elementor-open-lightbox=\"yes\" data-elementor-lightbox-slideshow=\"1ce0435\" data-e-action-hash=\"#elementor-action%3Aaction%3Dlightbox%26settings%3DeyJpZCI6NjI3LCJ1cmwiOiJodHRwczpcL1wvYWxlY3JlYXRpb24uZXNcL3dwLWNvbnRlbnRcL3VwbG9hZHNcLzIwMjVcLzEwXC9IYW5keS1HeW0tVVkuanBnIiwic2xpZGVzaG93IjoiMWNlMDQzNSJ9\" href='https:\/\/alecreation.es\/wp-content\/uploads\/2025\/10\/Handy-Gym-UY.jpg'><img loading=\"lazy\" decoding=\"async\" width=\"1500\" height=\"899\" src=\"https:\/\/alecreation.es\/wp-content\/uploads\/2025\/10\/Handy-Gym-UY.jpg\" class=\"attachment-2048x2048 size-2048x2048\" alt=\"\" aria-describedby=\"gallery-1-627\" srcset=\"https:\/\/alecreation.es\/wp-content\/uploads\/2025\/10\/Handy-Gym-UY.jpg 1500w, https:\/\/alecreation.es\/wp-content\/uploads\/2025\/10\/Handy-Gym-UY-300x180.jpg 300w, https:\/\/alecreation.es\/wp-content\/uploads\/2025\/10\/Handy-Gym-UY-1024x614.jpg 1024w, https:\/\/alecreation.es\/wp-content\/uploads\/2025\/10\/Handy-Gym-UY-768x460.jpg 768w\" sizes=\"(max-width: 1500px) 100vw, 1500px\" \/><\/a>\n\t\t\t<\/div>\n\t\t\t\t<figcaption class='wp-caption-text gallery-caption' id='gallery-1-627'>\n\t\t\t\tE-commerce: Handy Gym | Multilenguaje\n\t\t\t\t<\/figcaption><\/figure><figure class='gallery-item'>\n\t\t\t<div class='gallery-icon landscape'>\n\t\t\t\t<a data-elementor-open-lightbox=\"yes\" data-elementor-lightbox-slideshow=\"1ce0435\" data-e-action-hash=\"#elementor-action%3Aaction%3Dlightbox%26settings%3DeyJpZCI6NjI4LCJ1cmwiOiJodHRwczpcL1wvYWxlY3JlYXRpb24uZXNcL3dwLWNvbnRlbnRcL3VwbG9hZHNcLzIwMjVcLzEwXC9tYWduZXRkcml2ZXIuanBnIiwic2xpZGVzaG93IjoiMWNlMDQzNSJ9\" href='https:\/\/alecreation.es\/wp-content\/uploads\/2025\/10\/magnetdriver.jpg'><img loading=\"lazy\" decoding=\"async\" width=\"1500\" height=\"435\" src=\"https:\/\/alecreation.es\/wp-content\/uploads\/2025\/10\/magnetdriver.jpg\" class=\"attachment-2048x2048 size-2048x2048\" alt=\"\" aria-describedby=\"gallery-1-628\" srcset=\"https:\/\/alecreation.es\/wp-content\/uploads\/2025\/10\/magnetdriver.jpg 1500w, https:\/\/alecreation.es\/wp-content\/uploads\/2025\/10\/magnetdriver-300x87.jpg 300w, https:\/\/alecreation.es\/wp-content\/uploads\/2025\/10\/magnetdriver-1024x297.jpg 1024w, https:\/\/alecreation.es\/wp-content\/uploads\/2025\/10\/magnetdriver-768x223.jpg 768w\" sizes=\"(max-width: 1500px) 100vw, 1500px\" \/><\/a>\n\t\t\t<\/div>\n\t\t\t\t<figcaption class='wp-caption-text gallery-caption' id='gallery-1-628'>\n\t\t\t\tE-commerce: Magnet Driver\n\t\t\t\t<\/figcaption><\/figure><figure class='gallery-item'>\n\t\t\t<div class='gallery-icon landscape'>\n\t\t\t\t<a data-elementor-open-lightbox=\"yes\" data-elementor-lightbox-slideshow=\"1ce0435\" data-e-action-hash=\"#elementor-action%3Aaction%3Dlightbox%26settings%3DeyJpZCI6NjI5LCJ1cmwiOiJodHRwczpcL1wvYWxlY3JlYXRpb24uZXNcL3dwLWNvbnRlbnRcL3VwbG9hZHNcLzIwMjVcLzEwXC9NaWNhdG9uLVN0b3JlLmpwZyIsInNsaWRlc2hvdyI6IjFjZTA0MzUifQ%3D%3D\" href='https:\/\/alecreation.es\/wp-content\/uploads\/2025\/10\/Micaton-Store.jpg'><img loading=\"lazy\" decoding=\"async\" width=\"1500\" height=\"673\" src=\"https:\/\/alecreation.es\/wp-content\/uploads\/2025\/10\/Micaton-Store.jpg\" class=\"attachment-2048x2048 size-2048x2048\" alt=\"\" aria-describedby=\"gallery-1-629\" srcset=\"https:\/\/alecreation.es\/wp-content\/uploads\/2025\/10\/Micaton-Store.jpg 1500w, https:\/\/alecreation.es\/wp-content\/uploads\/2025\/10\/Micaton-Store-300x135.jpg 300w, https:\/\/alecreation.es\/wp-content\/uploads\/2025\/10\/Micaton-Store-1024x459.jpg 1024w, https:\/\/alecreation.es\/wp-content\/uploads\/2025\/10\/Micaton-Store-768x345.jpg 768w\" sizes=\"(max-width: 1500px) 100vw, 1500px\" \/><\/a>\n\t\t\t<\/div>\n\t\t\t\t<figcaption class='wp-caption-text gallery-caption' id='gallery-1-629'>\n\t\t\t\tE-commerce: Magnet Driver\n\t\t\t\t<\/figcaption><\/figure>\n\t\t<\/div>\n\t\t<\/div>\n\t\t\t\t\t\t<\/div>\n\t\t\t\t\t<\/div>\n\t\t\t\t<\/div>\n\t\t<div class=\"elementor-element elementor-element-5649472 e-flex e-con-boxed wpr-particle-no wpr-jarallax-no wpr-parallax-no wpr-sticky-section-no e-con e-parent\" data-id=\"5649472\" data-element_type=\"container\" data-e-type=\"container\">\n\t\t\t\t\t<div class=\"e-con-inner\">\n\t\t<div class=\"elementor-element elementor-element-380c209 e-con-full e-flex wpr-particle-no wpr-jarallax-no wpr-parallax-no wpr-sticky-section-no e-con e-child\" data-id=\"380c209\" data-element_type=\"container\" data-e-type=\"container\">\n\t\t<div class=\"elementor-element elementor-element-50a3d69 e-grid e-con-full wpr-particle-no wpr-jarallax-no wpr-parallax-no wpr-sticky-section-no e-con e-child\" data-id=\"50a3d69\" data-element_type=\"container\" data-e-type=\"container\">\n\t\t<div class=\"elementor-element elementor-element-a94d4d8 e-con-full e-flex wpr-particle-no wpr-jarallax-no wpr-parallax-no wpr-sticky-section-no e-con e-child\" data-id=\"a94d4d8\" data-element_type=\"container\" data-e-type=\"container\">\n\t\t\t\t<div class=\"elementor-element elementor-element-b4cd709 elementor-icon-list--layout-traditional elementor-list-item-link-full_width elementor-widget elementor-widget-icon-list\" data-id=\"b4cd709\" data-element_type=\"widget\" data-e-type=\"widget\" data-widget_type=\"icon-list.default\">\n\t\t\t\t\t\t\t<ul class=\"elementor-icon-list-items\">\n\t\t\t\t\t\t\t<li class=\"elementor-icon-list-item\">\n\t\t\t\t\t\t\t\t\t\t\t<span class=\"elementor-icon-list-icon\">\n\t\t\t\t\t\t\t<svg xmlns=\"http:\/\/www.w3.org\/2000\/svg\" xmlns:xlink=\"http:\/\/www.w3.org\/1999\/xlink\" viewBox=\"0 0 100 100\"><title>alecreationRecurso 27<\/title><g id=\"Capa_2\" data-name=\"Capa 2\"><g id=\"Capa_1-2\" data-name=\"Capa 1\"><image width=\"100\" height=\"100\" xlink:href=\"data:image\/png;base64,iVBORw0KGgoAAAANSUhEUgAAAGQAAABkCAYAAABw4pVUAAAACXBIWXMAAAsTAAALEwEAmpwYAAAE7UlEQVR4nO2du0ssZxTAjwoqPhJF0UIrRXykCMFCC1+sWyWwILaChXL\/ABcUfGS10UrlimKnGBDDJa0WrqhFGt8GbGwS9WKxaqH4IEtYTziL97KzM3vdnflm55uZ84ODxcx83\/nOj505zowrAMMwDMMwDMMwDMMwDMMwDOMefgCAPgD4wAF6gmrXIEqGFwD+AwDkACNBNewUIWRZgsWgQ4JqaZhPEiwEHRKfhAupqqpCr9fL4X0\/qFamCwkEAsgkB9XKMiHX19f48vKSMLn7+3u8vb1FNxGwQkgkEsGurq7otqKiItzd3VUltrS0hNnZ2ZiRkYHDw8PoFgJWCCEBsds9Ho8qsbKysq\/bScrNzQ26gYAVQg4PDxWT+nw+VWKxF7ecnBx8eHhANxCw6hoyNjYWPV01Njbi+fm5avv29jZWV1djeXk5rqysoFsIWHlRZ9SwEDcKycvLw9LSUo7S94NqZboQDjASLATkChYCThfS29uLOzs7HDvvB9XKdCHcZSUPt72SwUIkg4VIBgtxiZA\/7SQkEong2toazs3NWf5ATEMI1dIwn+0kxO\/3f821pqYGw+GwTEI+u0pIOBzGgoICRRGOj48ty8f1Qra2thQFyMrKwru7O8vycb0Qf8zpiqK5udnSfFwvpKGhQVGAiYkJS\/NxhJCnp6foc3r6mQpXV1eqm3n7+\/tC53CdkJOTE6yoqIjOU1lZiZeXl0kfu7i4qFg8PSCiFjiei4sLxRw0p1nYWggVpqSkRLGA0dHRpI+nt11ij+3p6dHcb2RkRLEfzWmWFNsK0ZIBALiwsJB0u1tYWKg4dnV1VXPf+fl51TxmSbGlkEQyPB5P0r\/Uxbe7mZmZGAqFNPelMWnsdEixnZDT09PouT6+OG1tbfj4+Ghau0vvINPb6fHz0rtlBwcH6EohomTobXcTSSkuLhYmxTZCEslobW1NWUYq7a6WlM7OTtOk2EKISBmptLuJeH5+Nk2K9ELOzs4SXsCpMHpItt39FjR3ogs95exYIe3t7UJlhFNod\/VK6ejoQMcKqa2tVS14ampK93hbKbS7yUC5xOdXV1fnXCHLy8uqBVNMT0\/rGs8f1+42NTXpzo1y0MqNcnasEGJ2dlZz4ZOTkymPVV9frxhjfHxcV04zMzOaORn59NpGiCgpVwba3XTIsJUQEVIWDba7ZsuwnRCjUnwG212zZdhSiF4pYYPtbjpk2FbItzqczc1Nzf2DwaDudpfGFNnpOVJIIilDQ0Oa+w4MDOhudwcHB9Miw\/ZCtKQEg0Hh7W78J8QsGY4Q8qVg9MlIdLrSanf39vZQ5ByicISQdLS76cIVQnwC7u6mC8cLCQu8u5sOHC\/k6OhI1e5a\/ScHrhYSCoWi3yb0JRd60iczjhdCrK+vY0tLC3Z3d6f0ZqMVuEKInWAhksFCJIOFuETIP7GD9vf3W71O29DX1xcv5G8RQv6KHTQ3Nxc3NjasXqvUvL6+RrtBqlWckFMRQtbjb+ZR5OfnR9\/u4yhWBdVGq2ZvtTQMf18WCAsh3+TwmwQLQYfEiggh4xIsBB0Sv4oQ8pMEC0EHxCsA\/AiC+EOCBaHN43cQSBEAnEiwKLRpHAPA9yCYfAD4CAD\/SrBAtElQrWbfamca3wHALwDQL8G\/o\/sgaVBtfn6rFcMwDMMwDMMwDMMwDMMwDANu439OY9VCfxKH3gAAAABJRU5ErkJggg==\"><\/image><\/g><\/g><\/svg>\t\t\t\t\t\t<\/span>\n\t\t\t\t\t\t\t\t\t\t<span class=\"elementor-icon-list-text\"><b>Herramientas:<\/b> <br> WordPress, Elementor Pro, WooCommerce<\/span>\n\t\t\t\t\t\t\t\t\t<\/li>\n\t\t\t\t\t\t<\/ul>\n\t\t\t\t\t\t<\/div>\n\t\t\t\t<\/div>\n\t\t\t\t<\/div>\n\t\t\t\t<\/div>\n\t\t\t\t\t<\/div>\n\t\t\t\t<\/div>\n\t\t<div class=\"elementor-element elementor-element-2145b50 e-flex e-con-boxed wpr-particle-no wpr-jarallax-no wpr-parallax-no wpr-sticky-section-no e-con e-parent\" data-id=\"2145b50\" data-element_type=\"container\" data-e-type=\"container\">\n\t\t\t\t\t<div class=\"e-con-inner\">\n\t\t<div class=\"elementor-element elementor-element-640b5de e-con-full e-flex wpr-particle-no wpr-jarallax-no wpr-parallax-no wpr-sticky-section-no e-con e-child\" data-id=\"640b5de\" data-element_type=\"container\" data-e-type=\"container\">\n\t\t\t\t<div class=\"elementor-element elementor-element-81fecfe elementor-button-info elementor-mobile-align-center elementor-align-center elementor-widget elementor-widget-button\" data-id=\"81fecfe\" data-element_type=\"widget\" data-e-type=\"widget\" data-widget_type=\"button.default\">\n\t\t\t\t\t\t\t\t\t\t<a class=\"elementor-button elementor-button-link elementor-size-sm\" href=\"https:\/\/alecreation.es\/index.php\/portfolio\/\">\n\t\t\t\t\t\t<span class=\"elementor-button-content-wrapper\">\n\t\t\t\t\t\t<span class=\"elementor-button-icon\">\n\t\t\t\t<svg aria-hidden=\"true\" class=\"e-font-icon-svg e-far-arrow-alt-circle-left\" viewBox=\"0 0 512 512\" xmlns=\"http:\/\/www.w3.org\/2000\/svg\"><path d=\"M8 256c0 137 111 248 248 248s248-111 248-248S393 8 256 8 8 119 8 256zm448 0c0 110.5-89.5 200-200 200S56 366.5 56 256 145.5 56 256 56s200 89.5 200 200zm-72-20v40c0 6.6-5.4 12-12 12H256v67c0 10.7-12.9 16-20.5 8.5l-99-99c-4.7-4.7-4.7-12.3 0-17l99-99c7.6-7.6 20.5-2.2 20.5 8.5v67h116c6.6 0 12 5.4 12 12z\"><\/path><\/svg>\t\t\t<\/span>\n\t\t\t\t\t\t\t\t\t<span class=\"elementor-button-text\">VOLVER<\/span>\n\t\t\t\t\t<\/span>\n\t\t\t\t\t<\/a>\n\t\t\t\t\t\t\t\t<\/div>\n\t\t\t\t<\/div>\n\t\t\t\t\t<\/div>\n\t\t\t\t<\/div>\n\t\t<div class=\"elementor-element elementor-element-21657e0 e-flex e-con-boxed wpr-particle-no wpr-jarallax-no wpr-parallax-no wpr-sticky-section-no e-con e-parent\" data-id=\"21657e0\" data-element_type=\"container\" data-e-type=\"container\" data-settings=\"{&quot;background_background&quot;:&quot;classic&quot;}\">\n\t\t\t\t\t<div class=\"e-con-inner\">\n\t\t<div class=\"elementor-element elementor-element-e17e44f e-con-full e-flex wpr-particle-no wpr-jarallax-no wpr-parallax-no wpr-sticky-section-no e-con e-child\" data-id=\"e17e44f\" data-element_type=\"container\" data-e-type=\"container\">\n\t\t<div class=\"elementor-element elementor-element-79b3084 e-con-full e-flex wpr-particle-no wpr-jarallax-no wpr-parallax-no wpr-sticky-section-no e-con e-child\" data-id=\"79b3084\" data-element_type=\"container\" data-e-type=\"container\">\n\t\t\t\t<div class=\"elementor-element elementor-element-7cdb85c elementor-widget elementor-widget-heading\" data-id=\"7cdb85c\" data-element_type=\"widget\" data-e-type=\"widget\" data-widget_type=\"heading.default\">\n\t\t\t\t\t<h2 class=\"elementor-heading-title elementor-size-default\">Open\n<br> to work.<\/h2>\t\t\t\t<\/div>\n\t\t\t\t<\/div>\n\t\t<div class=\"elementor-element elementor-element-45b9822 e-con-full e-flex wpr-particle-no wpr-jarallax-no wpr-parallax-no wpr-sticky-section-no e-con e-child\" data-id=\"45b9822\" data-element_type=\"container\" data-e-type=\"container\">\n\t\t\t\t<div class=\"elementor-element elementor-element-ff92b5f elementor-widget elementor-widget-text-editor\" data-id=\"ff92b5f\" data-element_type=\"widget\" data-e-type=\"widget\" data-widget_type=\"text-editor.default\">\n\t\t\t\t\t\t\t\t\t<p>Con disposici\u00f3n inmediata para aportar soluciones visuales integrales.<\/p>\t\t\t\t\t\t\t\t<\/div>\n\t\t<div class=\"elementor-element elementor-element-4bd841e e-grid e-con-full wpr-particle-no wpr-jarallax-no wpr-parallax-no wpr-sticky-section-no e-con e-child\" data-id=\"4bd841e\" data-element_type=\"container\" data-e-type=\"container\">\n\t\t\t\t<div class=\"elementor-element elementor-element-b152dc0 elementor-button-info elementor-mobile-align-center elementor-widget elementor-widget-button\" data-id=\"b152dc0\" data-element_type=\"widget\" data-e-type=\"widget\" data-widget_type=\"button.default\">\n\t\t\t\t\t\t\t\t\t\t<a class=\"elementor-button elementor-button-link elementor-size-sm\" href=\"mailto:alecreation@gmail.com\">\n\t\t\t\t\t\t<span class=\"elementor-button-content-wrapper\">\n\t\t\t\t\t\t\t\t\t<span class=\"elementor-button-text\">alecreation@gmail.com<\/span>\n\t\t\t\t\t<\/span>\n\t\t\t\t\t<\/a>\n\t\t\t\t\t\t\t\t<\/div>\n\t\t\t\t<div class=\"elementor-element elementor-element-fbc4c20 elementor-button-info elementor-mobile-align-center elementor-widget elementor-widget-button\" data-id=\"fbc4c20\" data-element_type=\"widget\" data-e-type=\"widget\" data-widget_type=\"button.default\">\n\t\t\t\t\t\t\t\t\t\t<a class=\"elementor-button elementor-button-link elementor-size-sm\" href=\"https:\/\/wa.me\/649200677\">\n\t\t\t\t\t\t<span class=\"elementor-button-content-wrapper\">\n\t\t\t\t\t\t\t\t\t<span class=\"elementor-button-text\">Whatsapp 649.200.677<\/span>\n\t\t\t\t\t<\/span>\n\t\t\t\t\t<\/a>\n\t\t\t\t\t\t\t\t<\/div>\n\t\t\t\t<\/div>\n\t\t\t\t<\/div>\n\t\t\t\t<\/div>\n\t\t\t\t\t<\/div>\n\t\t\t\t<\/div>\n\t\t\t\t<\/div>\n\t\t","protected":false},"excerpt":{"rendered":"<p>Dise\u00f1o Web con Prop\u00f3sito Sitios web dise\u00f1ados con WordPress, optimizados con Elementor y potenciados con WooCommerce. Proyectos enfocados en usabilidad, rendimiento y SEO para maximizar su impacto. Landig Page: estacionracing.com E-commerce: Handy Gym | Multilenguaje Landig Page: Handy Gym Starter Guide | multilenguaje E-commerce: Handy Gym | Multilenguaje E-commerce: Magnet Driver E-commerce: Magnet Driver alecreationRecurso 27 Herramientas: WordPress, Elementor Pro, WooCommerce VOLVER Open to work. Con disposici\u00f3n inmediata para aportar soluciones visuales integrales. alecreation@gmail.com Whatsapp 649.200.677<\/p>\n","protected":false},"author":1,"featured_media":0,"parent":0,"menu_order":0,"comment_status":"closed","ping_status":"closed","template":"","meta":{"footnotes":""},"class_list":["post-449","page","type-page","status-publish","hentry"],"_links":{"self":[{"href":"https:\/\/alecreation.es\/index.php\/wp-json\/wp\/v2\/pages\/449","targetHints":{"allow":["GET"]}}],"collection":[{"href":"https:\/\/alecreation.es\/index.php\/wp-json\/wp\/v2\/pages"}],"about":[{"href":"https:\/\/alecreation.es\/index.php\/wp-json\/wp\/v2\/types\/page"}],"author":[{"embeddable":true,"href":"https:\/\/alecreation.es\/index.php\/wp-json\/wp\/v2\/users\/1"}],"replies":[{"embeddable":true,"href":"https:\/\/alecreation.es\/index.php\/wp-json\/wp\/v2\/comments?post=449"}],"version-history":[{"count":79,"href":"https:\/\/alecreation.es\/index.php\/wp-json\/wp\/v2\/pages\/449\/revisions"}],"predecessor-version":[{"id":1629,"href":"https:\/\/alecreation.es\/index.php\/wp-json\/wp\/v2\/pages\/449\/revisions\/1629"}],"wp:attachment":[{"href":"https:\/\/alecreation.es\/index.php\/wp-json\/wp\/v2\/media?parent=449"}],"curies":[{"name":"wp","href":"https:\/\/api.w.org\/{rel}","templated":true}]}}