{"id":968,"date":"2025-10-23T09:56:59","date_gmt":"2025-10-23T09:56:59","guid":{"rendered":"https:\/\/alecreation.es\/?page_id=968"},"modified":"2026-02-06T12:33:52","modified_gmt":"2026-02-06T12:33:52","slug":"infografias","status":"publish","type":"page","link":"https:\/\/alecreation.es\/index.php\/infografias\/","title":{"rendered":"Infograf\u00edas"},"content":{"rendered":"\t\t<div data-elementor-type=\"wp-page\" data-elementor-id=\"968\" class=\"elementor elementor-968\">\n\t\t\t\t<div class=\"elementor-element elementor-element-29dbcf5 e-flex e-con-boxed wpr-particle-no wpr-jarallax-no wpr-parallax-no wpr-sticky-section-no e-con e-parent\" data-id=\"29dbcf5\" data-element_type=\"container\" data-e-type=\"container\" data-settings=\"{&quot;background_background&quot;:&quot;classic&quot;}\">\n\t\t\t\t\t<div class=\"e-con-inner\">\n\t\t<div class=\"elementor-element elementor-element-f4e077f e-con-full e-flex wpr-particle-no wpr-jarallax-no wpr-parallax-no wpr-sticky-section-no e-con e-child\" data-id=\"f4e077f\" data-element_type=\"container\" data-e-type=\"container\" data-settings=\"{&quot;background_background&quot;:&quot;classic&quot;}\">\n\t\t\t\t<div class=\"elementor-element elementor-element-3253e9c elementor-widget elementor-widget-heading\" data-id=\"3253e9c\" data-element_type=\"widget\" data-e-type=\"widget\" data-widget_type=\"heading.default\">\n\t\t\t\t\t<h2 class=\"elementor-heading-title elementor-size-default\">Infograf\u00edas<\/h2>\t\t\t\t<\/div>\n\t\t\t\t<div class=\"elementor-element elementor-element-b9a8d0f elementor-widget elementor-widget-heading\" data-id=\"b9a8d0f\" data-element_type=\"widget\" data-e-type=\"widget\" data-widget_type=\"heading.default\">\n\t\t\t\t\t<h2 class=\"elementor-heading-title elementor-size-default\">claridad visual efectiva<\/h2>\t\t\t\t<\/div>\n\t\t\t\t<\/div>\n\t\t\t\t\t<\/div>\n\t\t\t\t<\/div>\n\t\t<div class=\"elementor-element elementor-element-50f16fd e-flex e-con-boxed wpr-particle-no wpr-jarallax-no wpr-parallax-no wpr-sticky-section-no e-con e-parent\" data-id=\"50f16fd\" data-element_type=\"container\" data-e-type=\"container\">\n\t\t\t\t\t<div class=\"e-con-inner\">\n\t\t\t\t<div class=\"elementor-element elementor-element-091a112 elementor-widget elementor-widget-text-editor\" data-id=\"091a112\" data-element_type=\"widget\" data-e-type=\"widget\" data-widget_type=\"text-editor.default\">\n\t\t\t\t\t\t\t\t\t<p>Dise\u00f1o de infograf\u00edas que simplifican informaci\u00f3n compleja y procesos. Creaci\u00f3n de composiciones visuales y gr\u00e1ficos adaptados para una comprensi\u00f3n instant\u00e1nea en entornos digitales.<\/p>\t\t\t\t\t\t\t\t<\/div>\n\t\t\t\t\t<\/div>\n\t\t\t\t<\/div>\n\t\t<div class=\"elementor-element elementor-element-15abbcd e-flex e-con-boxed wpr-particle-no wpr-jarallax-no wpr-parallax-no wpr-sticky-section-no e-con e-parent\" data-id=\"15abbcd\" data-element_type=\"container\" data-e-type=\"container\">\n\t\t\t\t\t<div class=\"e-con-inner\">\n\t\t<div class=\"elementor-element elementor-element-c32a858 e-con-full e-flex wpr-particle-no wpr-jarallax-no wpr-parallax-no wpr-sticky-section-no e-con e-child\" data-id=\"c32a858\" data-element_type=\"container\" data-e-type=\"container\">\n\t\t\t\t<div class=\"elementor-element elementor-element-50d19d6 elementor-widget elementor-widget-image\" data-id=\"50d19d6\" data-element_type=\"widget\" data-e-type=\"widget\" data-widget_type=\"image.default\">\n\t\t\t\t\t\t\t\t\t\t\t\t\t\t\t<img fetchpriority=\"high\" decoding=\"async\" width=\"800\" height=\"800\" src=\"https:\/\/alecreation.es\/wp-content\/uploads\/2025\/10\/MagnetDriver-broca-1024x1024.webp\" class=\"attachment-large size-large wp-image-934\" alt=\"\" srcset=\"https:\/\/alecreation.es\/wp-content\/uploads\/2025\/10\/MagnetDriver-broca-1024x1024.webp 1024w, https:\/\/alecreation.es\/wp-content\/uploads\/2025\/10\/MagnetDriver-broca-300x300.webp 300w, https:\/\/alecreation.es\/wp-content\/uploads\/2025\/10\/MagnetDriver-broca-150x150.webp 150w, https:\/\/alecreation.es\/wp-content\/uploads\/2025\/10\/MagnetDriver-broca-768x768.webp 768w, https:\/\/alecreation.es\/wp-content\/uploads\/2025\/10\/MagnetDriver-broca.webp 1500w\" sizes=\"(max-width: 800px) 100vw, 800px\" \/>\t\t\t\t\t\t\t\t\t\t\t\t\t\t\t<\/div>\n\t\t\t\t<\/div>\n\t\t<div class=\"elementor-element elementor-element-00091ba e-con-full e-flex wpr-particle-no wpr-jarallax-no wpr-parallax-no wpr-sticky-section-no e-con e-child\" data-id=\"00091ba\" data-element_type=\"container\" data-e-type=\"container\">\n\t\t\t\t<div class=\"elementor-element elementor-element-695a5d7 elementor-widget elementor-widget-image\" data-id=\"695a5d7\" data-element_type=\"widget\" data-e-type=\"widget\" data-widget_type=\"image.default\">\n\t\t\t\t\t\t\t\t\t\t\t\t\t\t\t<img decoding=\"async\" width=\"800\" height=\"566\" src=\"https:\/\/alecreation.es\/wp-content\/uploads\/2025\/10\/Measure_BIT-07-1024x724.webp\" class=\"attachment-large size-large wp-image-936\" alt=\"\" srcset=\"https:\/\/alecreation.es\/wp-content\/uploads\/2025\/10\/Measure_BIT-07-1024x724.webp 1024w, https:\/\/alecreation.es\/wp-content\/uploads\/2025\/10\/Measure_BIT-07-300x212.webp 300w, https:\/\/alecreation.es\/wp-content\/uploads\/2025\/10\/Measure_BIT-07-768x543.webp 768w, https:\/\/alecreation.es\/wp-content\/uploads\/2025\/10\/Measure_BIT-07.webp 1500w\" sizes=\"(max-width: 800px) 100vw, 800px\" \/>\t\t\t\t\t\t\t\t\t\t\t\t\t\t\t<\/div>\n\t\t\t\t<div class=\"elementor-element elementor-element-3de9099 elementor-widget elementor-widget-image\" data-id=\"3de9099\" data-element_type=\"widget\" data-e-type=\"widget\" data-widget_type=\"image.default\">\n\t\t\t\t\t\t\t\t\t\t\t\t\t\t\t<img decoding=\"async\" width=\"800\" height=\"566\" src=\"https:\/\/alecreation.es\/wp-content\/uploads\/2025\/10\/measure_BIT4-05-1024x724.webp\" class=\"attachment-large size-large wp-image-935\" alt=\"\" srcset=\"https:\/\/alecreation.es\/wp-content\/uploads\/2025\/10\/measure_BIT4-05-1024x724.webp 1024w, https:\/\/alecreation.es\/wp-content\/uploads\/2025\/10\/measure_BIT4-05-300x212.webp 300w, https:\/\/alecreation.es\/wp-content\/uploads\/2025\/10\/measure_BIT4-05-768x543.webp 768w, https:\/\/alecreation.es\/wp-content\/uploads\/2025\/10\/measure_BIT4-05.webp 1500w\" sizes=\"(max-width: 800px) 100vw, 800px\" \/>\t\t\t\t\t\t\t\t\t\t\t\t\t\t\t<\/div>\n\t\t\t\t<\/div>\n\t\t\t\t\t<\/div>\n\t\t\t\t<\/div>\n\t\t<div class=\"elementor-element elementor-element-ede9309 e-flex e-con-boxed wpr-particle-no wpr-jarallax-no wpr-parallax-no wpr-sticky-section-no e-con e-parent\" data-id=\"ede9309\" data-element_type=\"container\" data-e-type=\"container\">\n\t\t\t\t\t<div class=\"e-con-inner\">\n\t\t\t\t<div class=\"elementor-element elementor-element-dd5c584 elementor-widget elementor-widget-image\" data-id=\"dd5c584\" data-element_type=\"widget\" data-e-type=\"widget\" data-widget_type=\"image.default\">\n\t\t\t\t\t\t\t\t\t\t\t\t\t\t\t<img loading=\"lazy\" decoding=\"async\" width=\"1500\" height=\"1019\" src=\"https:\/\/alecreation.es\/wp-content\/uploads\/2025\/10\/Multitool_catalogo.webp\" class=\"attachment-full size-full wp-image-937\" alt=\"\" srcset=\"https:\/\/alecreation.es\/wp-content\/uploads\/2025\/10\/Multitool_catalogo.webp 1500w, https:\/\/alecreation.es\/wp-content\/uploads\/2025\/10\/Multitool_catalogo-300x204.webp 300w, https:\/\/alecreation.es\/wp-content\/uploads\/2025\/10\/Multitool_catalogo-1024x696.webp 1024w, https:\/\/alecreation.es\/wp-content\/uploads\/2025\/10\/Multitool_catalogo-768x522.webp 768w\" sizes=\"(max-width: 1500px) 100vw, 1500px\" \/>\t\t\t\t\t\t\t\t\t\t\t\t\t\t\t<\/div>\n\t\t\t\t\t<\/div>\n\t\t\t\t<\/div>\n\t\t<div class=\"elementor-element elementor-element-4ee7baa e-flex e-con-boxed wpr-particle-no wpr-jarallax-no wpr-parallax-no wpr-sticky-section-no e-con e-parent\" data-id=\"4ee7baa\" data-element_type=\"container\" data-e-type=\"container\">\n\t\t\t\t\t<div class=\"e-con-inner\">\n\t\t<div class=\"elementor-element elementor-element-7c982c2 e-con-full e-flex wpr-particle-no wpr-jarallax-no wpr-parallax-no wpr-sticky-section-no e-con e-child\" data-id=\"7c982c2\" data-element_type=\"container\" data-e-type=\"container\">\n\t\t\t\t<div class=\"elementor-element elementor-element-9179607 elementor-widget elementor-widget-image\" data-id=\"9179607\" data-element_type=\"widget\" data-e-type=\"widget\" data-widget_type=\"image.default\">\n\t\t\t\t\t\t\t\t\t\t\t\t\t\t\t<img loading=\"lazy\" decoding=\"async\" width=\"1060\" height=\"1500\" src=\"https:\/\/alecreation.es\/wp-content\/uploads\/2025\/10\/BIT-EXTRALONG.webp\" class=\"attachment-full size-full wp-image-931\" alt=\"\" srcset=\"https:\/\/alecreation.es\/wp-content\/uploads\/2025\/10\/BIT-EXTRALONG.webp 1060w, https:\/\/alecreation.es\/wp-content\/uploads\/2025\/10\/BIT-EXTRALONG-212x300.webp 212w, https:\/\/alecreation.es\/wp-content\/uploads\/2025\/10\/BIT-EXTRALONG-724x1024.webp 724w, https:\/\/alecreation.es\/wp-content\/uploads\/2025\/10\/BIT-EXTRALONG-768x1087.webp 768w\" sizes=\"(max-width: 1060px) 100vw, 1060px\" \/>\t\t\t\t\t\t\t\t\t\t\t\t\t\t\t<\/div>\n\t\t\t\t<\/div>\n\t\t<div class=\"elementor-element elementor-element-61ba90a e-con-full e-flex wpr-particle-no wpr-jarallax-no wpr-parallax-no wpr-sticky-section-no e-con e-child\" data-id=\"61ba90a\" data-element_type=\"container\" data-e-type=\"container\">\n\t\t<div class=\"elementor-element elementor-element-ad00fd6 e-con-full e-flex wpr-particle-no wpr-jarallax-no wpr-parallax-no wpr-sticky-section-no e-con e-child\" data-id=\"ad00fd6\" data-element_type=\"container\" data-e-type=\"container\">\n\t\t\t\t<div class=\"elementor-element elementor-element-175bc0b elementor-widget elementor-widget-image\" data-id=\"175bc0b\" data-element_type=\"widget\" data-e-type=\"widget\" data-widget_type=\"image.default\">\n\t\t\t\t\t\t\t\t\t\t\t\t\t\t\t<img loading=\"lazy\" decoding=\"async\" width=\"1500\" height=\"700\" src=\"https:\/\/alecreation.es\/wp-content\/uploads\/2025\/10\/magnet_driver_amazon_es_3.webp\" class=\"attachment-full size-full wp-image-933\" alt=\"\" srcset=\"https:\/\/alecreation.es\/wp-content\/uploads\/2025\/10\/magnet_driver_amazon_es_3.webp 1500w, https:\/\/alecreation.es\/wp-content\/uploads\/2025\/10\/magnet_driver_amazon_es_3-300x140.webp 300w, https:\/\/alecreation.es\/wp-content\/uploads\/2025\/10\/magnet_driver_amazon_es_3-1024x478.webp 1024w, https:\/\/alecreation.es\/wp-content\/uploads\/2025\/10\/magnet_driver_amazon_es_3-768x358.webp 768w\" sizes=\"(max-width: 1500px) 100vw, 1500px\" \/>\t\t\t\t\t\t\t\t\t\t\t\t\t\t\t<\/div>\n\t\t\t\t<\/div>\n\t\t<div class=\"elementor-element elementor-element-c731681 e-con-full e-flex wpr-particle-no wpr-jarallax-no wpr-parallax-no wpr-sticky-section-no e-con e-child\" data-id=\"c731681\" data-element_type=\"container\" data-e-type=\"container\">\n\t\t\t\t<div class=\"elementor-element elementor-element-d8b1127 elementor-widget elementor-widget-image\" data-id=\"d8b1127\" data-element_type=\"widget\" data-e-type=\"widget\" data-widget_type=\"image.default\">\n\t\t\t\t\t\t\t\t\t\t\t\t\t\t\t<img loading=\"lazy\" decoding=\"async\" width=\"1500\" height=\"750\" src=\"https:\/\/alecreation.es\/wp-content\/uploads\/2025\/10\/magnet_driver_amazon_es_2.webp\" class=\"attachment-full size-full wp-image-932\" alt=\"\" srcset=\"https:\/\/alecreation.es\/wp-content\/uploads\/2025\/10\/magnet_driver_amazon_es_2.webp 1500w, https:\/\/alecreation.es\/wp-content\/uploads\/2025\/10\/magnet_driver_amazon_es_2-300x150.webp 300w, https:\/\/alecreation.es\/wp-content\/uploads\/2025\/10\/magnet_driver_amazon_es_2-1024x512.webp 1024w, https:\/\/alecreation.es\/wp-content\/uploads\/2025\/10\/magnet_driver_amazon_es_2-768x384.webp 768w\" sizes=\"(max-width: 1500px) 100vw, 1500px\" \/>\t\t\t\t\t\t\t\t\t\t\t\t\t\t\t<\/div>\n\t\t\t\t<\/div>\n\t\t\t\t<\/div>\n\t\t\t\t\t<\/div>\n\t\t\t\t<\/div>\n\t\t<div class=\"elementor-element elementor-element-96cc0ef e-flex e-con-boxed wpr-particle-no wpr-jarallax-no wpr-parallax-no wpr-sticky-section-no e-con e-parent\" data-id=\"96cc0ef\" data-element_type=\"container\" data-e-type=\"container\">\n\t\t\t\t\t<div class=\"e-con-inner\">\n\t\t<div class=\"elementor-element elementor-element-62fd1c6 e-grid e-con-full wpr-particle-no wpr-jarallax-no wpr-parallax-no wpr-sticky-section-no e-con e-child\" data-id=\"62fd1c6\" data-element_type=\"container\" data-e-type=\"container\">\n\t\t<div class=\"elementor-element elementor-element-8c0cb5d e-con-full e-flex wpr-particle-no wpr-jarallax-no wpr-parallax-no wpr-sticky-section-no e-con e-child\" data-id=\"8c0cb5d\" data-element_type=\"container\" data-e-type=\"container\">\n\t\t\t\t<div class=\"elementor-element elementor-element-ec80d5e elementor-icon-list--layout-traditional elementor-list-item-link-full_width elementor-widget elementor-widget-icon-list\" data-id=\"ec80d5e\" data-element_type=\"widget\" data-e-type=\"widget\" data-widget_type=\"icon-list.default\">\n\t\t\t\t\t\t\t<ul class=\"elementor-icon-list-items\">\n\t\t\t\t\t\t\t<li class=\"elementor-icon-list-item\">\n\t\t\t\t\t\t\t\t\t\t\t<span class=\"elementor-icon-list-icon\">\n\t\t\t\t\t\t\t<svg xmlns=\"http:\/\/www.w3.org\/2000\/svg\" xmlns:xlink=\"http:\/\/www.w3.org\/1999\/xlink\" viewBox=\"0 0 96 96\"><title>alecreationRecurso 23<\/title><g id=\"Capa_2\" data-name=\"Capa 2\"><g id=\"Capa_1-2\" data-name=\"Capa 1\"><image width=\"96\" height=\"96\" xlink:href=\"data:image\/png;base64,iVBORw0KGgoAAAANSUhEUgAAAGAAAABgCAYAAADimHc4AAAACXBIWXMAAAsTAAALEwEAmpwYAAAHIElEQVR4nO2d3UscVxiH37SSaFeJRoLB2xAhQY2fCRI2X+JVIB8E\/wVvTC3xpn9BbgTNTULqXUlsSUiNIBJSSqDWvWhNjShabFMvIqslaJygrhp195R32Q3j7pmdrzPnY3N+MFc77p59ntn3nJk5ZwTQ0dHR0dHR0dHR0dHR0dFhnxIA+AkANgFgGADKJINcDwD3AeDvVBu3AOAfAPgOAJpB8YQA4FcAIKbtNQCUi24YAHwFAN8DQCKjfeYNX\/sBAIohT+DLIqEcAF7lAJ+5TQFABeQJfNESylzCT29zAFAJitT8SOYXKCwspH2pV5z7BBQ+mdmOmpoaMjw8TNbX10ksFiPPnz8nDQ0NtPb+JfsvgXrkNzY2kmg0Si5dumT1SzgiCv7ly5fJxsYGyczW1ha5cuWKUhIs4a+uria\/FB5dgiSU0crO+fPnk0e9VT5+\/EiuXr2qRDmyhZ+OAAllXuCrJMExfLOEixcv8pBQ6ge+ChJcw8fs7OxYfSGWEqjwq6qqXMGXWYJn+Ddu3LAb8vmVQIWf3np6elwLkE0CU\/jFxcUsJVBHO6wkbG9vW42OpnidMTOFf+LECfLmzRtWHTMVfnNzMwmFQjwkDIBq8KPRKKvRkeU4H997bGyMlJSUZL3\/nTt3WErAa0eNUsGPx+NU+FVVVWRxcXHfvj4k5ISfDmsJeLJGOWO+Lw18zOPHjx3B9yGBCv\/YsWNkZWWFZIa1hJGREVqHzDyDmQ0+e\/Ys+fDhg20DHzx44Bg+JpFIkI6ODqvOczw1wjHDRzHU\/dva2sjm5iYJUgIOaTPeZ4M1\/C8AYNf8IUVFRWRpaclxA1taWpJ\/19TUZAu\/s7PTCn6mhJzweUnAg5DSDzDNl7QvhmXCXF\/tYhhGztcTiQS5detW1uccOnTIqhxN0c5wq6uruUoYHByktS94AbiFw2FPZ5W0PHz4MOv9KyoqyMTEhFWfQO1wsU\/CvomHBPzup06dEieApYSurq4s+LOzs3Yd8z746biVEIlEXEuwaRPzPmAnaAmRSORTuamsrPwEPx08X6CdMWfC5yHBBv46BJBhuxLAQsL8\/DwZGhrKGtq+f\/+e1NfXO4YfpAS7XyMAzAQhAEcdf\/CQQOu8cfTk9ZIySwkIH6XbcOgLQoAQCYZP+F4ljI6OUq8dnTx50g5+HACqgxLAVYLBCD5rCTYbTuYKPIFLMBjD5yThdwAo5CEgUAlGQPC9SMCaj5eyHcCfFDHHibkEwwI+687diQSHHa4w+MwlGJzgO5GAV1FVgG+WMO5HgsEZfjrLy8uktraW0C5lqwLftwRDEHw7CSrB9yzBMAxqJ8cLvlkC7SqqSvBdS4hGo1LAT3e4Fy5cUB6+KwkllNN9UfBbW1vzBr4rCaDhyyEhrI98cRLCGj4XCRMavmQCwvrIF1eCJIc\/rdJoR2n4xfRZ2VOc1qx93vDr6urIwsKC1UqdCZUlKAF\/JTVvFFdI5pMEpeCnMz4+brWOWSkJSsKfnp4mR48ezdUpKyEhX+ETFSQoCf\/du3fJ6Y+Z++IEYZX6BCXhYx49epS17+3bt5XrmH92O10wiMQsbqDj8iGc1kjLzMwMKSgo+LRvd3f3vtdVkFCjKvx0Xr58mVwQMjAwQGiRXcLX5kbhfV2V4DvN3Nyc1RmzcAn71o319vYSmWu+l+CZ8vHjx+1GR0KegXcAAJbNjcGVLJ8ZfJLa\/hQhodbciMOHD5O9vT0iEn4oFCJv374NFP7169etbt5zl9BlbgA+wEKGS8phBsNfK\/g3b95MrvjP0TFzlcC9\/sccXs\/3I8EOfjqiJXCv\/zHnN1M8D4fxkQqnT5\/Oeq\/29nayu7ubtf\/a2ho5d+4c7fPxIbX86n9paWmg9T\/mEr5XCbiA3Cl88y\/m4MGDmX+HT97lV\/+vXbtGZIMPHiTgLwBHUU7hW82uDmKlfM7639fXR2SEDx76BJyreu\/ePfLkyZPkyv1c+505c8bqM\/e41v+nT58SwTfQXwfZMbuEH7iAffUfN7ykixe2BM7VPMJLggP4uMW41X\/WEmLeJ8oGLsEh\/MAfW\/bM6oP9Soj5n6Xse6UOA\/i\/Bfngvqz6z0pCjN0UceYSZIFPrf9+JMTjcTI5OUnu3r1LXaLkAT5zCTLBx3zjREAuCfgwjv7+\/uQYu7y83NF7uYTPdOGgTPBz1n8rCS9evPAKnPiAz2ThoGzw8ZlBKx4B+tkmfU6U9bRwUDb4juu\/ZPA9LRyUEb7l+F8B+K4kWExPFA7fdf2XDL6jJ6o73ITAx\/zHCf4vAc808CNBGPwDAQJfAYCh1BAX+xke8SJBGHzWAtZSR\/m3qaeM4+hKRNxIEArfrwBZgHuVIBx+OgkXJeVZatRUKxlwtxKkgY\/5N0+AO5UgFXxMKwDMA8BSHgCnBYe9I6mbKT+m\/tOqjo6Ojo6Ojo4OBJH\/AfIl5IIcPrbYAAAAAElFTkSuQmCC\"><\/image><\/g><\/g><\/svg>\t\t\t\t\t\t<\/span>\n\t\t\t\t\t\t\t\t\t\t<span class=\"elementor-icon-list-text\"><b>Herramientas:<\/b> <br> Illustrator, Photoshop<\/span>\n\t\t\t\t\t\t\t\t\t<\/li>\n\t\t\t\t\t\t<\/ul>\n\t\t\t\t\t\t<\/div>\n\t\t\t\t<\/div>\n\t\t<div class=\"elementor-element elementor-element-4ca0a3b e-con-full e-flex wpr-particle-no wpr-jarallax-no wpr-parallax-no wpr-sticky-section-no e-con e-child\" data-id=\"4ca0a3b\" data-element_type=\"container\" data-e-type=\"container\">\n\t\t\t\t<div class=\"elementor-element elementor-element-2011810 elementor-icon-list--layout-traditional elementor-list-item-link-full_width elementor-widget elementor-widget-icon-list\" data-id=\"2011810\" data-element_type=\"widget\" data-e-type=\"widget\" data-widget_type=\"icon-list.default\">\n\t\t\t\t\t\t\t<ul class=\"elementor-icon-list-items\">\n\t\t\t\t\t\t\t<li class=\"elementor-icon-list-item\">\n\t\t\t\t\t\t\t\t\t\t\t<span class=\"elementor-icon-list-icon\">\n\t\t\t\t\t\t\t<svg xmlns=\"http:\/\/www.w3.org\/2000\/svg\" xmlns:xlink=\"http:\/\/www.w3.org\/1999\/xlink\" viewBox=\"0 0 100 100\"><title>alecreationRecurso 27<\/title><g id=\"Capa_2\" data-name=\"Capa 2\"><g id=\"Capa_1-2\" data-name=\"Capa 1\"><image width=\"100\" height=\"100\" xlink:href=\"data:image\/png;base64,iVBORw0KGgoAAAANSUhEUgAAAGQAAABkCAYAAABw4pVUAAAACXBIWXMAAAsTAAALEwEAmpwYAAAE7UlEQVR4nO2du0ssZxTAjwoqPhJF0UIrRXykCMFCC1+sWyWwILaChXL\/ABcUfGS10UrlimKnGBDDJa0WrqhFGt8GbGwS9WKxaqH4IEtYTziL97KzM3vdnflm55uZ84ODxcx83\/nOj505zowrAMMwDMMwDMMwDMMwDMMwDOMefgCAPgD4wAF6gmrXIEqGFwD+AwDkACNBNewUIWRZgsWgQ4JqaZhPEiwEHRKfhAupqqpCr9fL4X0\/qFamCwkEAsgkB9XKMiHX19f48vKSMLn7+3u8vb1FNxGwQkgkEsGurq7otqKiItzd3VUltrS0hNnZ2ZiRkYHDw8PoFgJWCCEBsds9Ho8qsbKysq\/bScrNzQ26gYAVQg4PDxWT+nw+VWKxF7ecnBx8eHhANxCw6hoyNjYWPV01Njbi+fm5avv29jZWV1djeXk5rqysoFsIWHlRZ9SwEDcKycvLw9LSUo7S94NqZboQDjASLATkChYCThfS29uLOzs7HDvvB9XKdCHcZSUPt72SwUIkg4VIBgtxiZA\/7SQkEong2toazs3NWf5ATEMI1dIwn+0kxO\/3f821pqYGw+GwTEI+u0pIOBzGgoICRRGOj48ty8f1Qra2thQFyMrKwru7O8vycb0Qf8zpiqK5udnSfFwvpKGhQVGAiYkJS\/NxhJCnp6foc3r6mQpXV1eqm3n7+\/tC53CdkJOTE6yoqIjOU1lZiZeXl0kfu7i4qFg8PSCiFjiei4sLxRw0p1nYWggVpqSkRLGA0dHRpI+nt11ij+3p6dHcb2RkRLEfzWmWFNsK0ZIBALiwsJB0u1tYWKg4dnV1VXPf+fl51TxmSbGlkEQyPB5P0r\/Uxbe7mZmZGAqFNPelMWnsdEixnZDT09PouT6+OG1tbfj4+Ghau0vvINPb6fHz0rtlBwcH6EohomTobXcTSSkuLhYmxTZCEslobW1NWUYq7a6WlM7OTtOk2EKISBmptLuJeH5+Nk2K9ELOzs4SXsCpMHpItt39FjR3ogs95exYIe3t7UJlhFNod\/VK6ejoQMcKqa2tVS14ampK93hbKbS7yUC5xOdXV1fnXCHLy8uqBVNMT0\/rGs8f1+42NTXpzo1y0MqNcnasEGJ2dlZz4ZOTkymPVV9frxhjfHxcV04zMzOaORn59NpGiCgpVwba3XTIsJUQEVIWDba7ZsuwnRCjUnwG212zZdhSiF4pYYPtbjpk2FbItzqczc1Nzf2DwaDudpfGFNnpOVJIIilDQ0Oa+w4MDOhudwcHB9Miw\/ZCtKQEg0Hh7W78J8QsGY4Q8qVg9MlIdLrSanf39vZQ5ByicISQdLS76cIVQnwC7u6mC8cLCQu8u5sOHC\/k6OhI1e5a\/ScHrhYSCoWi3yb0JRd60iczjhdCrK+vY0tLC3Z3d6f0ZqMVuEKInWAhksFCJIOFuETIP7GD9vf3W71O29DX1xcv5G8RQv6KHTQ3Nxc3NjasXqvUvL6+RrtBqlWckFMRQtbjb+ZR5OfnR9\/u4yhWBdVGq2ZvtTQMf18WCAsh3+TwmwQLQYfEiggh4xIsBB0Sv4oQ8pMEC0EHxCsA\/AiC+EOCBaHN43cQSBEAnEiwKLRpHAPA9yCYfAD4CAD\/SrBAtElQrWbfamca3wHALwDQL8G\/o\/sgaVBtfn6rFcMwDMMwDMMwDMMwDMMwDANu439OY9VCfxKH3gAAAABJRU5ErkJggg==\"><\/image><\/g><\/g><\/svg>\t\t\t\t\t\t<\/span>\n\t\t\t\t\t\t\t\t\t\t<span class=\"elementor-icon-list-text\"><b>Formatos:<\/b> <br> Digital<\/span>\n\t\t\t\t\t\t\t\t\t<\/li>\n\t\t\t\t\t\t<\/ul>\n\t\t\t\t\t\t<\/div>\n\t\t\t\t<\/div>\n\t\t\t\t<\/div>\n\t\t\t\t\t<\/div>\n\t\t\t\t<\/div>\n\t\t<div class=\"elementor-element elementor-element-12feeb0 e-flex e-con-boxed wpr-particle-no wpr-jarallax-no wpr-parallax-no wpr-sticky-section-no e-con e-parent\" data-id=\"12feeb0\" data-element_type=\"container\" data-e-type=\"container\">\n\t\t\t\t\t<div class=\"e-con-inner\">\n\t\t<div class=\"elementor-element elementor-element-2f9c013 e-con-full e-flex wpr-particle-no wpr-jarallax-no wpr-parallax-no wpr-sticky-section-no e-con e-child\" data-id=\"2f9c013\" data-element_type=\"container\" data-e-type=\"container\">\n\t\t\t\t<div class=\"elementor-element elementor-element-233d86e elementor-button-info elementor-mobile-align-center elementor-align-center elementor-widget elementor-widget-button\" data-id=\"233d86e\" data-element_type=\"widget\" data-e-type=\"widget\" data-widget_type=\"button.default\">\n\t\t\t\t\t\t\t\t\t\t<a class=\"elementor-button elementor-button-link elementor-size-sm\" href=\"https:\/\/alecreation.es\/index.php\/portfolio\/\">\n\t\t\t\t\t\t<span class=\"elementor-button-content-wrapper\">\n\t\t\t\t\t\t<span class=\"elementor-button-icon\">\n\t\t\t\t<svg aria-hidden=\"true\" class=\"e-font-icon-svg e-far-arrow-alt-circle-left\" viewBox=\"0 0 512 512\" xmlns=\"http:\/\/www.w3.org\/2000\/svg\"><path d=\"M8 256c0 137 111 248 248 248s248-111 248-248S393 8 256 8 8 119 8 256zm448 0c0 110.5-89.5 200-200 200S56 366.5 56 256 145.5 56 256 56s200 89.5 200 200zm-72-20v40c0 6.6-5.4 12-12 12H256v67c0 10.7-12.9 16-20.5 8.5l-99-99c-4.7-4.7-4.7-12.3 0-17l99-99c7.6-7.6 20.5-2.2 20.5 8.5v67h116c6.6 0 12 5.4 12 12z\"><\/path><\/svg>\t\t\t<\/span>\n\t\t\t\t\t\t\t\t\t<span class=\"elementor-button-text\">VOLVER<\/span>\n\t\t\t\t\t<\/span>\n\t\t\t\t\t<\/a>\n\t\t\t\t\t\t\t\t<\/div>\n\t\t\t\t<\/div>\n\t\t\t\t\t<\/div>\n\t\t\t\t<\/div>\n\t\t<div class=\"elementor-element elementor-element-21657e0 e-flex e-con-boxed wpr-particle-no wpr-jarallax-no wpr-parallax-no wpr-sticky-section-no e-con e-parent\" data-id=\"21657e0\" data-element_type=\"container\" data-e-type=\"container\" data-settings=\"{&quot;background_background&quot;:&quot;classic&quot;}\">\n\t\t\t\t\t<div class=\"e-con-inner\">\n\t\t<div class=\"elementor-element elementor-element-e17e44f e-con-full e-flex wpr-particle-no wpr-jarallax-no wpr-parallax-no wpr-sticky-section-no e-con e-child\" data-id=\"e17e44f\" data-element_type=\"container\" data-e-type=\"container\">\n\t\t<div class=\"elementor-element elementor-element-79b3084 e-con-full e-flex wpr-particle-no wpr-jarallax-no wpr-parallax-no wpr-sticky-section-no e-con e-child\" data-id=\"79b3084\" data-element_type=\"container\" data-e-type=\"container\">\n\t\t\t\t<div class=\"elementor-element elementor-element-7cdb85c elementor-widget elementor-widget-heading\" data-id=\"7cdb85c\" data-element_type=\"widget\" data-e-type=\"widget\" data-widget_type=\"heading.default\">\n\t\t\t\t\t<h2 class=\"elementor-heading-title elementor-size-default\">Open\n<br> to work.<\/h2>\t\t\t\t<\/div>\n\t\t\t\t<\/div>\n\t\t<div class=\"elementor-element elementor-element-45b9822 e-con-full e-flex wpr-particle-no wpr-jarallax-no wpr-parallax-no wpr-sticky-section-no e-con e-child\" data-id=\"45b9822\" data-element_type=\"container\" data-e-type=\"container\">\n\t\t\t\t<div class=\"elementor-element elementor-element-ff92b5f elementor-widget elementor-widget-text-editor\" data-id=\"ff92b5f\" data-element_type=\"widget\" data-e-type=\"widget\" data-widget_type=\"text-editor.default\">\n\t\t\t\t\t\t\t\t\t<p>Con disposici\u00f3n inmediata para aportar soluciones visuales integrales.<\/p>\t\t\t\t\t\t\t\t<\/div>\n\t\t<div class=\"elementor-element elementor-element-4bd841e e-grid e-con-full wpr-particle-no wpr-jarallax-no wpr-parallax-no wpr-sticky-section-no e-con e-child\" data-id=\"4bd841e\" data-element_type=\"container\" data-e-type=\"container\">\n\t\t\t\t<div class=\"elementor-element elementor-element-b152dc0 elementor-button-info elementor-mobile-align-center elementor-widget elementor-widget-button\" data-id=\"b152dc0\" data-element_type=\"widget\" data-e-type=\"widget\" data-widget_type=\"button.default\">\n\t\t\t\t\t\t\t\t\t\t<a class=\"elementor-button elementor-button-link elementor-size-sm\" href=\"mailto:alecreation@gmail.com\">\n\t\t\t\t\t\t<span class=\"elementor-button-content-wrapper\">\n\t\t\t\t\t\t\t\t\t<span class=\"elementor-button-text\">alecreation@gmail.com<\/span>\n\t\t\t\t\t<\/span>\n\t\t\t\t\t<\/a>\n\t\t\t\t\t\t\t\t<\/div>\n\t\t\t\t<div class=\"elementor-element elementor-element-fbc4c20 elementor-button-info elementor-mobile-align-center elementor-widget elementor-widget-button\" data-id=\"fbc4c20\" data-element_type=\"widget\" data-e-type=\"widget\" data-widget_type=\"button.default\">\n\t\t\t\t\t\t\t\t\t\t<a class=\"elementor-button elementor-button-link elementor-size-sm\" href=\"https:\/\/wa.me\/649200677\">\n\t\t\t\t\t\t<span class=\"elementor-button-content-wrapper\">\n\t\t\t\t\t\t\t\t\t<span class=\"elementor-button-text\">Whatsapp 649.200.677<\/span>\n\t\t\t\t\t<\/span>\n\t\t\t\t\t<\/a>\n\t\t\t\t\t\t\t\t<\/div>\n\t\t\t\t<\/div>\n\t\t\t\t<\/div>\n\t\t\t\t<\/div>\n\t\t\t\t\t<\/div>\n\t\t\t\t<\/div>\n\t\t\t\t<\/div>\n\t\t","protected":false},"excerpt":{"rendered":"<p>Infograf\u00edas claridad visual efectiva Dise\u00f1o de infograf\u00edas que simplifican informaci\u00f3n compleja y procesos. Creaci\u00f3n de composiciones visuales y gr\u00e1ficos adaptados para una comprensi\u00f3n instant\u00e1nea en entornos digitales. alecreationRecurso 23 Herramientas: Illustrator, Photoshop alecreationRecurso 27 Formatos: Digital VOLVER Open to work. Con disposici\u00f3n inmediata para aportar soluciones visuales integrales. alecreation@gmail.com Whatsapp 649.200.677<\/p>\n","protected":false},"author":1,"featured_media":0,"parent":0,"menu_order":0,"comment_status":"closed","ping_status":"closed","template":"","meta":{"footnotes":""},"class_list":["post-968","page","type-page","status-publish","hentry"],"_links":{"self":[{"href":"https:\/\/alecreation.es\/index.php\/wp-json\/wp\/v2\/pages\/968","targetHints":{"allow":["GET"]}}],"collection":[{"href":"https:\/\/alecreation.es\/index.php\/wp-json\/wp\/v2\/pages"}],"about":[{"href":"https:\/\/alecreation.es\/index.php\/wp-json\/wp\/v2\/types\/page"}],"author":[{"embeddable":true,"href":"https:\/\/alecreation.es\/index.php\/wp-json\/wp\/v2\/users\/1"}],"replies":[{"embeddable":true,"href":"https:\/\/alecreation.es\/index.php\/wp-json\/wp\/v2\/comments?post=968"}],"version-history":[{"count":12,"href":"https:\/\/alecreation.es\/index.php\/wp-json\/wp\/v2\/pages\/968\/revisions"}],"predecessor-version":[{"id":1644,"href":"https:\/\/alecreation.es\/index.php\/wp-json\/wp\/v2\/pages\/968\/revisions\/1644"}],"wp:attachment":[{"href":"https:\/\/alecreation.es\/index.php\/wp-json\/wp\/v2\/media?parent=968"}],"curies":[{"name":"wp","href":"https:\/\/api.w.org\/{rel}","templated":true}]}}